{"id":1035,"date":"2021-11-10T01:31:31","date_gmt":"2021-11-10T01:31:31","guid":{"rendered":"https:\/\/elizabeth-desiderio.ar\/?page_id=1035"},"modified":"2021-11-10T01:31:32","modified_gmt":"2021-11-10T01:31:32","slug":"crisis-de-sanacion","status":"publish","type":"page","link":"https:\/\/elizabeth-desiderio.ar\/?page_id=1035","title":{"rendered":"Crisis de Sanaci\u00f3n"},"content":{"rendered":"\n<h2 class=\"wp-block-heading\"><strong>\u00bfQu\u00e9 es?<\/strong><\/h2>\n\n\n\n<p class=\"has-text-color has-medium-font-size\" style=\"color:#5d7589\">Existen diversas t\u00e9cnicas de sanaci\u00f3n que ayudan equilibrar el cuerpo f\u00edsico, mental, emocional y espiritual de un ser.&nbsp;<\/p>\n\n\n\n<p class=\"has-text-color has-medium-font-size\" style=\"color:#5d7589\">La&nbsp;crisis de sanaci\u00f3n es un proceso necesario, natural y normal del organismo y del cuerpo \u00abmental-emocional\u00bb que realiza una depuraci\u00f3n y\/o balance profundo e&nbsp;intenso.&nbsp;Es un proceso en donde se produce una nivelaci\u00f3n energ\u00e9tica.<\/p>\n\n\n\n<h2 class=\"wp-block-heading\"><strong>\u00bfCu\u00e1ndo&nbsp;ocurre?<\/strong><\/h2>\n\n\n\n<p class=\"has-text-color has-medium-font-size\" style=\"color:#5d7589\">La crisis puede ocurrir de manera inmediata; durante el tratamiento energ\u00e9tico y\/o terapia vibracional como lo es una sesi\u00f3n de Reiki, hipnosis, registros Ak\u00e1shicos, sanaci\u00f3n Tameana, constelaciones familiares, biomagnetismo, flores de Bach, gemoterapia, etc.<\/p>\n\n\n\n<p class=\"has-text-color has-medium-font-size\" style=\"color:#5d7589\">Tambi\u00e9n puede existir una crisis curativa despu\u00e9s de someterse a alguno de los mencionados tratamientos y\/o terapias; puede ocurrir durante todo el tiempo de depuraci\u00f3n del organismo. Posterior a cualquier terapia energ\u00e9tica&nbsp;el cuerpo va depurando, equilibrando y restableciendo sus funciones naturales y en ciertos momentos pueden existir altos y bajos f\u00edsicos y emocionales.<\/p>\n\n\n\n<h2 class=\"wp-block-heading\"><strong>Caracter\u00edsticas<\/strong><\/h2>\n\n\n\n<p class=\"has-text-color has-medium-font-size\" style=\"color:#5d7589\">La crisis de sanaci\u00f3n&nbsp; puede generar diversos s\u00edntomas que se consideran normales y nunca son iguales en las personas; entre las mas comunes a nivel f\u00edsico y emocional son:<\/p>\n\n\n\n<ul class=\"has-text-color wp-block-list\" style=\"color:#5d7589\"><li><strong>Llanto&nbsp;Repentino<\/strong>: Quiz\u00e1 este s\u00edntoma es el mas popular; el llanto repentino suele llegar sin raz\u00f3n aparente o cuando llega a la mente alg\u00fan recuerdo y\/o vivencia guardada. Muchas veces es un sentimiento incontrolable; en ciertos casos se acompa\u00f1a ese llanto con gritos, dolores o sensaciones particulares.<\/li><li><strong>Risa Repentina<\/strong>: La risa, al igual que el llanto puede llegar sin raz\u00f3n; la persona pasa por la necesidad de re\u00edr sin control; Suelen re\u00edr hasta lagrimear, e incluso pueden pasar un largo periodo de risa finalizando con un llanto repentino.<\/li><li><strong>Dolores en el cuerpo<\/strong>; Durante una sesi\u00f3n de terapia, suelen liberarse bloqueos energ\u00e9ticos muy fuertes, ocasionando con esto posibles dolores ocasionales.<\/li><li><strong>Dolor en viejas heridas y\/o lesiones<\/strong>; Si en el pasado tuvimos una herida, lesi\u00f3n, operaci\u00f3n o similar; a pesar de que ya haya pasado mucho tiempo; ese punto puede tener nuevos dolores y\/o sensaciones; algo se reactiva por diversos motivos; esto es totalmente normal.<\/li><li><strong>Sensaci\u00f3n de nausea, mareo y\/o v\u00f3mito<\/strong>; El cuerpo busca una salida a todo lo que no es \u00fatil, la sensaci\u00f3n de estos s\u00edntomas pueden ocurrir en cualquier momento.<\/li><li><strong>Diarrea y\/o ganas de orinar excesivamente<\/strong>; Ambas son comunes; en medio de una terapia puede haber un efecto repentino inmediato de estos s\u00edntomas. Suelen acompa\u00f1arse estos s\u00edntomas con otros.<\/li><li><strong>Dolor de cabeza; sudoraci\u00f3n, comez\u00f3n, ardor, fr\u00edo o calor, fiebre baja, s\u00edntomas&nbsp;de&nbsp;<\/strong><strong>resfr\u00edo<\/strong>; Cualquiera de estas sensaciones y s\u00edntomas tambi\u00e9n son muy frecuentes y comunes; dichas sensaciones suelen combinarse con otras mencionadas en los puntos anteriores.<\/li><\/ul>\n\n\n\n<h2 class=\"wp-block-heading\"><strong>Cambios en el Humor<\/strong><\/h2>\n\n\n\n<p class=\"has-text-color has-medium-font-size\" style=\"color:#5d7589\">Los cambios de humor son abruptos; puede sentirse la persona muy feliz y de pronto saltar al llanto incontrolable; pasando por un enojo o impotencia. Es muy importante permitir que todos estos cambios de humor fluyan y permitir que sucedan, son totalmente normales; el cuerpo es como un ecualizador, esta buscando su punto medio.<\/p>\n\n\n\n<h2 class=\"wp-block-heading\"><strong>Entonces, \u00bfVale la pena pasar por todo esto?<\/strong><\/h2>\n\n\n\n<p class=\"has-text-color has-medium-font-size\" style=\"color:#5d7589\">Si la vale. Mucha personas llegan a pensar que han enfermado m\u00e1s de lo que estaban antes de la sesi\u00f3n y\/o terapia. Es importante estar conscientes de estos puntos cuando se sometan a una terapia alternativa.<\/p>\n\n\n\n<p class=\"has-text-color has-medium-font-size\" style=\"color:#5d7589\">En una crisis de sanaci\u00f3n puede ocurrir \u00e9sta sensaci\u00f3n de \u00abempeoramiento temporal\u00bb, la cual es solo un proceso natural y necesario que debes superar.\u00a0El cuerpo busca la manera de llegar a su equilibrio. Somos seres que guardamos muchas cargas emocionales, vivencias y experiencias que cuando te sometes a estas terapias; el cuerpo busca la v\u00eda por donde puede liberar lo que ya no es necesario cargar; de manera f\u00edsica y emocional.<\/p>\n\n\n\n<div class=\"wp-block-image\"><figure class=\"aligncenter\"><img decoding=\"async\" src=\"https:\/\/us.123rf.com\/450wm\/dirkercken\/dirkercken1208\/dirkercken120800036\/14773557-jard%C3%ADn-de-meditaci%C3%B3n-zen-la-relajaci%C3%B3n-y-la-meditaci%C3%B3n-a-trav%C3%A9s-de-la-armon%C3%ADa-y-el-plomo-symplicity-.jpg?ver=6\" alt=\"Symplicity Jard\u00edn Zen Y La Armon\u00eda Formar Un Fondo Para La Meditaci\u00f3n Y La  Relajaci\u00f3n, El Equilibrio Y La Salud Fotos, Retratos, Im\u00e1genes Y Fotograf\u00eda  De Archivo Libres De Derecho. Image 14773550.\"\/><\/figure><\/div>\n\n\n\n<h2 class=\"wp-block-heading\"><strong>Recomendaciones en este proceso<\/strong><\/h2>\n\n\n\n<ul class=\"has-text-color wp-block-list\" style=\"color:#5d7589\"><li><strong>Deja fluir lo que llegue<\/strong>; si deseas gritar, Grita!, si deseas llorar, Llora!, si te limitas; estar\u00e1s dejando pasar la oportunidad de sacarle 100% de jugo a la terapia y\/o t\u00e9cnica a la que te has sometido.<\/li><li><strong>Bebe mucha agua<\/strong>; El agua simple es el mejor limpiador natural con el que cuenta el ser humano; bebe m\u00e1s agua de la normal y ayudar\u00e1s a tu cuerpo a eliminar mas eficientemente todo lo que no necesita. Recuerda que lo m\u00ednimo que debe beber un ser humano a diario son 2 litros.<\/li><li><strong>No tomes decisiones trascendentales<\/strong>&nbsp;en este periodo de tiempo; (divorcio, mudanza, etc); la sensibilidad emocional esta a flor de piel; debes tener cautela en las decisiones que puedan impactar tu vida de manera seria; s\u00e9 paciente.<\/li><\/ul>\n\n\n\n<p class=\"has-text-color has-medium-font-size\" style=\"color:#5d7589\">Las terapias complementarias no son sustitutos de la medicina ni de otros profesionales calificados de la salud. Si padeces alguna dolencia te recomiendo primeramente acudir a tu centro asistencial correspondiente.&nbsp;&nbsp;<\/p>\n","protected":false},"excerpt":{"rendered":"<p>\u00bfQu\u00e9 es? Existen diversas t\u00e9cnicas de sanaci\u00f3n que ayudan equilibrar el cuerpo f\u00edsico, mental, emocional y espiritual de un ser.&nbsp; La&nbsp;crisis de sanaci\u00f3n es un proceso necesario, natural y normal del organismo y del cuerpo \u00abmental-emocional\u00bb que realiza una depuraci\u00f3n y\/o balance profundo e&nbsp;intenso.&nbsp;Es un proceso en donde se produce una nivelaci\u00f3n energ\u00e9tica. \u00bfCu\u00e1ndo&nbsp;ocurre? La&hellip; <br \/> <a class=\"read-more\" href=\"https:\/\/elizabeth-desiderio.ar\/?page_id=1035\">Leer m\u00e1s<\/a><\/p>\n","protected":false},"author":1,"featured_media":0,"parent":0,"menu_order":0,"comment_status":"closed","ping_status":"closed","template":"","meta":{"om_disable_all_campaigns":false,"_monsterinsights_skip_tracking":false,"_monsterinsights_sitenote_active":false,"_monsterinsights_sitenote_note":"","_monsterinsights_sitenote_category":0,"footnotes":""},"class_list":["post-1035","page","type-page","status-publish","hentry"],"aioseo_notices":[],"_links":{"self":[{"href":"https:\/\/elizabeth-desiderio.ar\/index.php?rest_route=\/wp\/v2\/pages\/1035","targetHints":{"allow":["GET"]}}],"collection":[{"href":"https:\/\/elizabeth-desiderio.ar\/index.php?rest_route=\/wp\/v2\/pages"}],"about":[{"href":"https:\/\/elizabeth-desiderio.ar\/index.php?rest_route=\/wp\/v2\/types\/page"}],"author":[{"embeddable":true,"href":"https:\/\/elizabeth-desiderio.ar\/index.php?rest_route=\/wp\/v2\/users\/1"}],"replies":[{"embeddable":true,"href":"https:\/\/elizabeth-desiderio.ar\/index.php?rest_route=%2Fwp%2Fv2%2Fcomments&post=1035"}],"version-history":[{"count":1,"href":"https:\/\/elizabeth-desiderio.ar\/index.php?rest_route=\/wp\/v2\/pages\/1035\/revisions"}],"predecessor-version":[{"id":1037,"href":"https:\/\/elizabeth-desiderio.ar\/index.php?rest_route=\/wp\/v2\/pages\/1035\/revisions\/1037"}],"wp:attachment":[{"href":"https:\/\/elizabeth-desiderio.ar\/index.php?rest_route=%2Fwp%2Fv2%2Fmedia&parent=1035"}],"curies":[{"name":"wp","href":"https:\/\/api.w.org\/{rel}","templated":true}]}}