{"id":1082,"date":"2022-02-12T00:06:16","date_gmt":"2022-02-12T00:06:16","guid":{"rendered":"https:\/\/elizabeth-desiderio.ar\/?page_id=1082"},"modified":"2025-09-17T13:31:05","modified_gmt":"2025-09-17T13:31:05","slug":"sanacion-akashica-metodo-david-topi","status":"publish","type":"page","link":"https:\/\/elizabeth-desiderio.ar\/?page_id=1082","title":{"rendered":"Sanaci\u00f3n Akashica M\u00e9todo David Topi"},"content":{"rendered":"\n<p class=\"has-text-color has-medium-font-size\" style=\"color:#5d7481\">La Sanaci\u00f3n Ak\u00e1shica es una t\u00e9cnica que a\u00fana m\u00e9todos de sanaci\u00f3n energ\u00e9tica usando la informaci\u00f3n contenida en una parte del ser multidimensional que somos cada uno de nosotros.&nbsp; Parte de esa informaci\u00f3n se extrae del Akasha. Akasha en s\u00e1nscrito significa Cielo.<\/p>\n\n\n\n<p class=\"has-text-color has-medium-font-size\" style=\"color:#5d7481\">A trav\u00e9s de ella es posible localizar problemas, restricciones y bloqueos en tu sistema energ\u00e9tico: el sistema de canales, chakras, aura, cuerpos sutiles, etc., as\u00ed como transmutar y reducir su manifestaci\u00f3n f\u00edsica en diferentes \u00e1reas de vida, en problemas o en situaciones concretas que son el resultado del problema a nivel energ\u00e9tico.<\/p>\n\n\n\n<p class=\"has-text-color has-medium-font-size\" style=\"color:#5d7481\">Al Akasha o Registros Ak\u00e1shicos muchas personas lo consideran un sistema inteligente y auto-consciente, creados por la energ\u00eda del \u201cTODO\u201d para uso de todos aquellos que se encuentran en estos momentos experimentando y evolucionando en nuestro planeta. Otros lo consideran simplemente un vasto manto energ\u00e9tico que recubre, en otro nivel frecuencial, todo nuestro planeta y lo que ocurre en \u00e9l. Se asocia a una \u201cconciencia universal\u201d, un campo m\u00f3rfico y un macro inconsciente colectivo no solo de todas las personas, sino de todo lo que tiene \u201cconciencia\u201d en nuestro planeta.<\/p>\n\n\n\n<p class=\"has-text-color has-medium-font-size\" style=\"color:#5d7481\">Trabajar con los Registros hoy en d\u00eda, puede ser una experiencia de sanaci\u00f3n profunda para todas aquellas personas&nbsp;que est\u00e9n dispuestas a mirarse en el espejo del Alma, para remover, liberar y sanar bloqueos, acuerdos y contratos k\u00e1rmicos, muchas veces alojados en nuestra memoria celular; conocer nuestro estado evolutivo y lecciones de vida, talentos y habilidades para conocer el prop\u00f3sito de nuestra vida para nuestro mayor bien y el bien de todos.<\/p>\n\n\n\n<p class=\"has-text-color has-medium-font-size\" style=\"color:#5d7481\">La metodolog\u00eda de trabajo no necesita ser presencial.&nbsp;<\/p>\n\n\n\n<p class=\"has-text-color has-medium-font-size\" style=\"color:#5d7481\">1- Se realiza la lectura y sanaci\u00f3n de los bloqueos<\/p>\n\n\n\n<p class=\"has-text-color has-medium-font-size\" style=\"color:#5d7481\">2- Se transcribe todo a un documento para ser enviado al solicitante de la misma<\/p>\n\n\n\n<p class=\"has-text-color has-medium-font-size\" style=\"color:#5d7481\">3- Se realiza la devoluci\u00f3n que puede ser en forma presencial o virtual&nbsp;<\/p>\n\n\n\n<p class=\"has-text-color has-medium-font-size\" style=\"color:#5d7481\">4- Al traer a la consciencia todo los bloqueos encontrados se completa la sanaci\u00f3n<\/p>\n\n\n\n<p class=\"has-text-color has-medium-font-size\" style=\"color:#5d7481\"><\/p>\n\n\n\n<div class=\"wp-block-buttons is-layout-flex wp-block-buttons-is-layout-flex\">\n<div class=\"wp-block-button aligncenter\"><a class=\"wp-block-button__link has-vivid-purple-background-color has-background\" href=\"https:\/\/elizabeth-desiderio.ar\/wp-admin\/post.php?post=1097&amp;action=edit\" target=\"_blank\" rel=\"noreferrer noopener\">M\u00e1s informaci\u00f3n sobre lecturas<\/a><\/div>\n<\/div>\n","protected":false},"excerpt":{"rendered":"<p>La Sanaci\u00f3n Ak\u00e1shica es una t\u00e9cnica que a\u00fana m\u00e9todos de sanaci\u00f3n energ\u00e9tica usando la informaci\u00f3n contenida en una parte del ser multidimensional que somos cada uno de nosotros.&nbsp; Parte de esa informaci\u00f3n se extrae del Akasha. Akasha en s\u00e1nscrito significa Cielo. A trav\u00e9s de ella es posible localizar problemas, restricciones y bloqueos en tu sistema&hellip; <br \/> <a class=\"read-more\" href=\"https:\/\/elizabeth-desiderio.ar\/?page_id=1082\">Leer m\u00e1s<\/a><\/p>\n","protected":false},"author":1,"featured_media":0,"parent":0,"menu_order":0,"comment_status":"closed","ping_status":"closed","template":"","meta":{"om_disable_all_campaigns":false,"_monsterinsights_skip_tracking":false,"_monsterinsights_sitenote_active":false,"_monsterinsights_sitenote_note":"","_monsterinsights_sitenote_category":0,"footnotes":""},"class_list":["post-1082","page","type-page","status-publish","hentry"],"aioseo_notices":[],"_links":{"self":[{"href":"https:\/\/elizabeth-desiderio.ar\/index.php?rest_route=\/wp\/v2\/pages\/1082","targetHints":{"allow":["GET"]}}],"collection":[{"href":"https:\/\/elizabeth-desiderio.ar\/index.php?rest_route=\/wp\/v2\/pages"}],"about":[{"href":"https:\/\/elizabeth-desiderio.ar\/index.php?rest_route=\/wp\/v2\/types\/page"}],"author":[{"embeddable":true,"href":"https:\/\/elizabeth-desiderio.ar\/index.php?rest_route=\/wp\/v2\/users\/1"}],"replies":[{"embeddable":true,"href":"https:\/\/elizabeth-desiderio.ar\/index.php?rest_route=%2Fwp%2Fv2%2Fcomments&post=1082"}],"version-history":[{"count":4,"href":"https:\/\/elizabeth-desiderio.ar\/index.php?rest_route=\/wp\/v2\/pages\/1082\/revisions"}],"predecessor-version":[{"id":1109,"href":"https:\/\/elizabeth-desiderio.ar\/index.php?rest_route=\/wp\/v2\/pages\/1082\/revisions\/1109"}],"wp:attachment":[{"href":"https:\/\/elizabeth-desiderio.ar\/index.php?rest_route=%2Fwp%2Fv2%2Fmedia&parent=1082"}],"curies":[{"name":"wp","href":"https:\/\/api.w.org\/{rel}","templated":true}]}}