{"id":1135,"date":"2022-09-06T23:52:32","date_gmt":"2022-09-06T23:52:32","guid":{"rendered":"https:\/\/elizabeth-desiderio.ar\/?page_id=1135"},"modified":"2022-09-06T23:52:33","modified_gmt":"2022-09-06T23:52:33","slug":"reflexologia-podal","status":"publish","type":"page","link":"https:\/\/elizabeth-desiderio.ar\/?page_id=1135","title":{"rendered":"Reflexologia  Podal"},"content":{"rendered":"\n<div class=\"wp-block-image\"><figure class=\"aligncenter\"><img decoding=\"async\" src=\"https:\/\/images.hola.com\/imagenes\/estar-bien\/20191203155528\/reflexologia-podal-estres\/0-754-641\/reflexologia-podal-z.jpg?tx=w_360\" alt=\"Reflexolog\u00eda podal: \u00bfqu\u00e9 beneficios tiene para la salud?\"\/><\/figure><\/div>\n\n\n\n<h2 class=\"has-text-color has-medium-font-size wp-block-heading\" id=\"exacc_pcILYZyoN9eQ8gLonJW4Ag109\" style=\"color:#5d7585\">\u00bfQu\u00e9 es la reflexolog\u00eda podal?<\/h2>\n\n\n\n<p class=\"has-text-color\" style=\"color:#5d7585\"><strong>La reflexolog\u00eda podal tiene sus or\u00edgenes en la medicina tradicional china. La filosof\u00eda de esta terapia alternativa se basa en el chi, un flujo de energ\u00eda que circula por unos canales que hay en el cuerpo humano. Cuando este flujo se altera, se produce un desequilibrio que afecta en las funciones de los \u00f3rganos y causa enfermedades.<\/strong><\/p>\n\n\n\n<p class=\"has-text-color\" style=\"color:#5d7585\"><strong>A trav\u00e9s de estos canales, los \u00f3rganos proyectan reflejos hacia distintas partes del cuerpo. As\u00ed, son las manos, los pies, la cara, las orejas y la espalda las zonas reflejas m\u00e1s importantes. Este tipo de terapia hol\u00edstica cree que cada punto corresponde a un \u00f3rgano y que, al masajearlos, se influye sobre las dolencias.<\/strong><\/p>\n\n\n\n<h3 class=\"has-text-color has-medium-font-size wp-block-heading\" style=\"color:#5d7585\">Otros tipos de reflexolog\u00eda<\/h3>\n\n\n\n<p class=\"has-text-color\" style=\"color:#5d7585\"><strong>Adem\u00e1s de la<\/strong>\u00a0<strong>reflexolog\u00eda de pies<\/strong>, <strong>existen otras t\u00e9cnicas que se utilizan para tratar cada zona refleja. Aqu\u00ed tienes un peque\u00f1o resumen de los principales tipos de reflexoterapia que tambien se brindan en sesi\u00f3n:<\/strong><\/p>\n\n\n\n<ul class=\"has-text-color wp-block-list\" style=\"color:#5d7585;font-size:18px\"><li><strong>Facial. Se estimulan los puntos del rostro. El masaje genera un correcto riego sangu\u00edneo aportando salud, energ\u00eda positiva y brillo en la cara.<\/strong><\/li><li><strong>Auricular. Tambi\u00e9n conocida como aur\u00edculoterapia. Los puntos se estimulan a trav\u00e9s de agujas, micromasajes o parches de semillas.<\/strong><\/li><li><strong>De manos. Similar a la podal. Se necesita masajear con m\u00e1s presi\u00f3n pero sin provocar dolor.<\/strong><\/li><li><strong>Corporal. Se estimulan los puntos de la espalda, tronco y columna vertebral.<\/strong><\/li><\/ul>\n\n\n\n<h2 class=\"has-text-color has-medium-font-size wp-block-heading\" style=\"color:#5d7585\">\u00bfQu\u00e9 beneficios tiene la reflexolog\u00eda podal?<\/h2>\n\n\n\n<p class=\"has-text-color\" style=\"color:#5d7585;font-size:18px\">E<strong>n general, la reflexolog\u00eda podal tiene un\u00a0efecto sanador que mejora la calidad de vida del paciente\u00a0que sufre distintas dolencias a nivel no solo f\u00edsico, sino tambi\u00e9n mental y emocional.<\/strong><\/p>\n\n\n\n<blockquote class=\"wp-block-quote has-medium-font-size is-layout-flow wp-block-quote-is-layout-flow\"><p>A trav\u00e9s de la reflexolog\u00eda&nbsp;<strong>se eliminan los desechos acumulados en el organismo,<\/strong>&nbsp;ayudando a desintoxicarlo y a expulsar todo lo innecesario, como lo derivado del estr\u00e9s, el alcohol, el tabaco, etc.<\/p><\/blockquote>\n\n\n\n<p class=\"has-text-color\" style=\"color:#5d7585;font-size:18px\"><strong>Entre los principales\u00a0beneficios de la reflexolog\u00eda podal<\/strong>\u00a0<strong>cabe destacar los siguientes:<\/strong><\/p>\n\n\n\n<p class=\"has-text-color\" style=\"color:#5d7585;font-size:18px\">\u2714\ufe0f<strong> Contribuye a<\/strong>\u00a0<strong>equilibrar el sistema nervioso central y perif\u00e9rico.<\/strong><\/p>\n\n\n\n<p class=\"has-text-color\" style=\"color:#5d7585;font-size:18px\"><strong>\u2714\ufe0f <\/strong> <strong>Ayuda a mejorar la depresi\u00f3n y la ansiedad<\/strong><\/p>\n\n\n\n<p class=\"has-text-color\" style=\"color:#5d7585;font-size:18px\"><strong>\u2714\ufe0f Mejora el estr\u00e9s.<\/strong><\/p>\n\n\n\n<p class=\"has-text-color\" style=\"color:#5d7585;font-size:18px\"><strong>\u2714\ufe0f Activa la circulaci\u00f3n de la sangre.<\/strong><\/p>\n\n\n\n<p class=\"has-text-color\" style=\"color:#5d7585;font-size:18px\"><strong>\u2714\ufe0f Refuerza el sistema inmunol\u00f3gico.<\/strong><\/p>\n\n\n\n<p class=\"has-text-color\" style=\"color:#5d7585;font-size:18px\"><strong>\u2714\ufe0f Disminuye el insomnio<\/strong>\u00a0<strong>y mejora la calidad del sue\u00f1o.<\/strong> <strong>Equilibra los niveles de energ\u00eda<\/strong><\/p>\n\n\n\n<p class=\"has-text-color\" style=\"color:#5d7585;font-size:18px\">\u2714\ufe0f <strong>Ayuda a<\/strong>\u00a0<strong>activar los mecanismos de depuraci\u00f3n\u00a0del cuerpo.<\/strong><\/p>\n\n\n\n<p class=\"has-text-color\" style=\"color:#5d7585;font-size:18px\">\u2714\ufe0f <strong>Promueve la<\/strong>\u00a0<strong>eliminaci\u00f3n de toxinas.<\/strong><\/p>\n\n\n\n<p class=\"has-text-color\" style=\"color:#5d7585;font-size:18px\">\u2714\ufe0f <strong>Hace que\u00a0se alivie el dolor,<\/strong>\u00a0<strong>sobre todo en o\u00eddos, muelas,<\/strong> <strong>cabeza, cuello y espalda<\/strong>. <strong>Alivia dolores musculares<\/strong><\/p>\n\n\n\n<p class=\"has-text-color\" style=\"color:#5d7585;font-size:18px\">\u2714\ufe0f <strong>Favorece la<\/strong>\u00a0<strong>eliminaci\u00f3n del exceso de grasa, az\u00facar y todo lo que se acumula<\/strong>\u00a0<strong>en el cuerpo por una mala alimentaci\u00f3n.<\/strong><\/p>\n\n\n\n<p class=\"has-text-color\" style=\"color:#5d7585;font-size:18px\"><strong>Todo lo anterior pone de manifiesto que la reflexolog\u00eda podal es una\u00a0terapia muy eficaz,\u00a0si bien debe considerarse siempre un tratamiento complementario al tratamiento m\u00e9dico, y no como un sustituto de este.<\/strong><\/p>\n\n\n\n<h2 class=\"has-text-color has-medium-font-size wp-block-heading\" style=\"color:#5d7585\">\u00bfQu\u00e9 conexi\u00f3n hay entre los pies y la mente?<\/h2>\n\n\n\n<p class=\"has-text-color\" style=\"color:#5d7585;font-size:18px\"><strong>La conexi\u00f3n que existe entre la mente y los pies es debida a las<\/strong>\u00a0<strong>conexiones nerviosas entre la periferia y el sistema nervioso central.<\/strong>\u00a0<strong>En concreto con partes de la corteza cerebral, que se estimulan desde zonas reflejas distantes, ubicadas en los pies.<\/strong><\/p>\n\n\n\n<p class=\"has-text-color\" style=\"color:#5d7585;font-size:18px\"><strong>Cuando estas se presionan con las distintas t\u00e9cnicas reflexol\u00f3gicas de digitopresi\u00f3n se consigue que<\/strong>\u00a0<strong>el impulso llegue al sistema nervioso central<\/strong>\u00a0<strong>a modo de corriente el\u00e9ctrica<\/strong>.<\/p>\n\n\n\n<p class=\"has-text-color\" style=\"color:#5d7585;font-size:18px\"><strong>Y desde este, mediante el sistema nervioso perif\u00e9rico para que despu\u00e9s, desde el sistema nervioso neurovegetativo, los impulsos nerviosos inerven para afectar a los \u00f3rganos, g\u00e1ndulas, sistemas, c\u00e9lulas, etc.<\/strong><\/p>\n\n\n\n<p class=\"has-text-color\" style=\"color:#5d7585;font-size:18px\"><strong>Todo lo cual sucede a trav\u00e9s de una<\/strong>\u00a0<strong>rama del sistema nervioso neurovegetativo,\u00a0la simp\u00e1tica o parasimp\u00e1tica.<\/strong><\/p>\n\n\n\n<p class=\"has-text-color\" style=\"color:#5d7585;font-size:18px\"><strong>Ahora que ya sabes en qu\u00e9 consiste la<\/strong>\u00a0<strong>reflexolog\u00eda podal,<\/strong>\u00a0<strong>solo queda animarte a probar a tratar tus problemas de salud con esta terapia natural.<\/strong><\/p>\n\n\n\n<p class=\"has-white-background-color has-background\">Cont\u00e1ctame por WhatsApp o los redes sociales, solicita tu turno para una sesi\u00f3n <\/p>\n","protected":false},"excerpt":{"rendered":"<p>\u00bfQu\u00e9 es la reflexolog\u00eda podal? La reflexolog\u00eda podal tiene sus or\u00edgenes en la medicina tradicional china. La filosof\u00eda de esta terapia alternativa se basa en el chi, un flujo de energ\u00eda que circula por unos canales que hay en el cuerpo humano. Cuando este flujo se altera, se produce un desequilibrio que afecta en las&hellip; <br \/> <a class=\"read-more\" href=\"https:\/\/elizabeth-desiderio.ar\/?page_id=1135\">Leer m\u00e1s<\/a><\/p>\n","protected":false},"author":1,"featured_media":0,"parent":0,"menu_order":0,"comment_status":"closed","ping_status":"closed","template":"","meta":{"om_disable_all_campaigns":false,"_monsterinsights_skip_tracking":false,"_monsterinsights_sitenote_active":false,"_monsterinsights_sitenote_note":"","_monsterinsights_sitenote_category":0,"footnotes":""},"class_list":["post-1135","page","type-page","status-publish","hentry"],"aioseo_notices":[],"_links":{"self":[{"href":"https:\/\/elizabeth-desiderio.ar\/index.php?rest_route=\/wp\/v2\/pages\/1135","targetHints":{"allow":["GET"]}}],"collection":[{"href":"https:\/\/elizabeth-desiderio.ar\/index.php?rest_route=\/wp\/v2\/pages"}],"about":[{"href":"https:\/\/elizabeth-desiderio.ar\/index.php?rest_route=\/wp\/v2\/types\/page"}],"author":[{"embeddable":true,"href":"https:\/\/elizabeth-desiderio.ar\/index.php?rest_route=\/wp\/v2\/users\/1"}],"replies":[{"embeddable":true,"href":"https:\/\/elizabeth-desiderio.ar\/index.php?rest_route=%2Fwp%2Fv2%2Fcomments&post=1135"}],"version-history":[{"count":1,"href":"https:\/\/elizabeth-desiderio.ar\/index.php?rest_route=\/wp\/v2\/pages\/1135\/revisions"}],"predecessor-version":[{"id":1137,"href":"https:\/\/elizabeth-desiderio.ar\/index.php?rest_route=\/wp\/v2\/pages\/1135\/revisions\/1137"}],"wp:attachment":[{"href":"https:\/\/elizabeth-desiderio.ar\/index.php?rest_route=%2Fwp%2Fv2%2Fmedia&parent=1135"}],"curies":[{"name":"wp","href":"https:\/\/api.w.org\/{rel}","templated":true}]}}