{"id":1142,"date":"2022-09-07T00:50:06","date_gmt":"2022-09-07T00:50:06","guid":{"rendered":"https:\/\/elizabeth-desiderio.ar\/?page_id=1142"},"modified":"2022-09-07T00:50:07","modified_gmt":"2022-09-07T00:50:07","slug":"craneopuntura-de-yamamoto","status":"publish","type":"page","link":"https:\/\/elizabeth-desiderio.ar\/?page_id=1142","title":{"rendered":"Craneopuntura de YAMAMOTO"},"content":{"rendered":"\n<div class=\"wp-block-image\"><figure class=\"aligncenter size-full\"><img loading=\"lazy\" decoding=\"async\" width=\"500\" height=\"333\" src=\"https:\/\/elizabeth-desiderio.ar\/wp-content\/uploads\/2022\/09\/57777fbc7b473657fc0b51635275b99f.jpg\" alt=\"\" class=\"wp-image-1143\" srcset=\"https:\/\/elizabeth-desiderio.ar\/wp-content\/uploads\/2022\/09\/57777fbc7b473657fc0b51635275b99f.jpg 500w, https:\/\/elizabeth-desiderio.ar\/wp-content\/uploads\/2022\/09\/57777fbc7b473657fc0b51635275b99f-300x200.jpg 300w\" sizes=\"auto, (max-width: 500px) 100vw, 500px\" \/><\/figure><\/div>\n\n\n\n<p class=\"has-text-color\" style=\"color:#5d7585;font-size:18px\"><strong>La Yamamoto New Scalp Acupuncture o YNSA fue creada hace m\u00e1s de cincuenta a\u00f1os por el Dr. Toshikatsu Yamamoto, m\u00e9dico y anestesi\u00f3logo y gran conocedor de la acupuntura, quien descubri\u00f3 la conexi\u00f3n entre ciertos puntos del cr\u00e1neo y regiones concretas del organismo.<\/strong><\/p>\n\n\n\n<p class=\"has-text-color\" style=\"color:#5d7585\"><strong>La\u00a0YNSA\u00a0es un microsistema de\u00a0acupuntura\u00a0completo localizado en el cuero cabelludo. Utilizando puntos reflejos anat\u00f3micos y de meridianos localizados por tanto en el cr\u00e1neo, consigue efectos en todo el cuerpo, permitiendo que la persona se mueva hacia el equilibrio y armon\u00eda, o sea, a un estado \u00f3ptimo.<\/strong><\/p>\n\n\n\n<p class=\"has-text-color\" style=\"color:#5d7585\"><strong>El objetivo es aprovechar la capacidad neuropl\u00e1stica del cerebro para que regiones sanas del mismo asuman las funciones de \u00e1reas que se han visto da\u00f1adas.<\/strong><\/p>\n\n\n\n<p class=\"has-text-color\" style=\"color:#5d7585;font-size:18px\"><strong>La YNSA es especialmente eficaz en el tratamiento del dolor, tanto agudo como cr\u00f3nico, as\u00ed como en trastornos neurol\u00f3gicos, espasticidad, par\u00e1lisis facial, secuelas de ACV o complicaciones de tipo postoperatorio (dolor, falta de movilidad), e incluso en trastornos infantiles del desarrollo y lesiones del reci\u00e9n nacido.<\/strong><\/p>\n\n\n\n<p class=\"has-text-color\" style=\"color:#5d7585\"><strong>Un microsistema de\u00a0acupuntura\u00a0se define como una sola parte del cuerpo humano a la que, cuando se accede, puede influir directamente en el Qi* de todo el cuerpo, desde el \u00f3rgano hasta el nivel celular. Esto da como resultado cambios en la sintomatolog\u00eda del cuadro de desequilibrio.<\/strong><\/p>\n\n\n\n<p class=\"has-text-color\" style=\"color:#5d7585\"><strong>Con la\u00a0YNSA, la inserci\u00f3n de agujas se realiza en los puntos que se detecten como positivos en una fase previa de diagn\u00f3stico propia de este sistema. Adem\u00e1s, a trav\u00e9s del sistema de meridianos acupunturales, podemos insertar las agujas enfoc\u00e1ndonos en un \u00e1rea que sabemos afectada en aquel momento evitando a\u00f1adir m\u00e1s agujas por todo el cuerpo, aunque siempre pueden a\u00f1adirse otras t\u00e9cnicas a la sesi\u00f3n como\u00a0electroacupuntura,\u00a0ventosas,\u00a0moxibusti\u00f3n<\/strong>\u00a0<strong>o incluso incluir en el tratamiento algunos puntos corporales referentes a la\u00a0acupuntura\u00a0cl\u00e1sica sist\u00e9mica.<\/strong><\/p>\n\n\n\n<blockquote class=\"wp-block-quote is-layout-flow wp-block-quote-is-layout-flow\"><p><strong>La YNSA resulta una t\u00e9cnica ideal para aquellos que tienen dificultad de movimiento, ya que se realiza con la persona sentada y no requiere que se desvista, si el cliente as\u00ed lo desea (descartando t\u00e9cnicas complementarias). <\/strong><\/p><\/blockquote>\n\n\n\n<p class=\"has-text-color\" style=\"color:#5d7585;font-size:18px\"><strong>\u00bfComo se usa?<br>Los puntos de tratamiento se encuentran en el cr\u00e1neo y en la frente.<br>Se pueden tratar con alt\u00edsimo porcentaje de \u00e9xito casi toda la patolog\u00eda m\u00e9dica<\/strong>.<\/p>\n\n\n\n<p class=\"has-text-color\" style=\"color:#5d7585\"><strong>\u00bfQue se puede tratar con ella?<br>-Los\u00a0cuadros neurol\u00f3gicos, como las\u00a0secuelas de isquemias o infartos cerebrales, hemiplej\u00edas, la enfermedad de Parkinson, el temblor esencial benigno, jaquecas cr\u00f3nicas, acufenos, neuralgias de trig\u00e9mino, par\u00e1lisis facial, esclerosis m\u00faltiple, v\u00e9rtigo, afasias, epilepsia, problemas del sue\u00f1o, depresi\u00f3n y otros trastornos ps\u00edquicos, etc.<\/strong><\/p>\n\n\n\n<p class=\"has-text-color\" style=\"color:#5d7585\">\u2013 <strong>Sobre el\u00a0aparato osteo-articulo-muscular\u00a0dolores\u00a0de todo tipo,\u00a0artritis,\u00a0artrosis,\u00a0dolores post quir\u00fargicos, dolores post traum\u00e1ticos, contracturas\u00a0de todo tipo,\u00a0ciatalgias, lumbalgias, hernias de disco, coxalgias, osteoporosis, etc.<\/strong><\/p>\n\n\n\n<p class=\"has-text-color\" style=\"color:#5d7585\">\u2013 <strong>En los\u00a0\u00f3rganos de los sentidos, se pueden tratar:\u00a0glaucomas, degeneraci\u00f3n macular, estrabismo, conjuntivitis, disminuci\u00f3n de la agudeza visual, alergias, rinitis, sinusitis, obstrucci\u00f3n nasal, estomatitis, dolores de garganta, herpes simple, herpes zoster, odontalgias, problemas auditivos, otitis, y otros.<\/strong><\/p>\n\n\n\n<p class=\"has-text-color\" style=\"color:#5d7585\">\u2013\u00a0<strong>Sobre los diversos \u00f3rganos:\u00a0problemas estomacales, renales, del aparato respiratorio, hepatitis, pancreatitis, colecistitis.<\/strong><\/p>\n\n\n\n<p class=\"has-text-color\" style=\"color:#5d7585\"><strong>El tratamiento de las\u00a0enfermedades agudas\u00a0dura pocas sesiones.<\/strong><\/p>\n\n\n\n<p class=\"has-text-color\" style=\"color:#5d7585\"><strong>En las\u00a0enfermedades cr\u00f3nicas\u00a0deben hacerse entre dos a tres sesiones semanales, un lapso de tiempo<\/strong><\/p>\n\n\n\n<ul class=\"has-text-color wp-block-list\" style=\"color:#5d7585\"><li><strong>Relaja y restablece el equilibrio del Sistema Nervioso Central.<\/strong><\/li><li><strong>Alivia los dolores de cabeza y migra\u00f1as.<\/strong><\/li><li><strong>Disminuye los dolores del cuello, hombros y brazos.<\/strong><\/li><li><strong>Ayuda en trastornos de ansiedad y depresi\u00f3n.<\/strong><\/li><li><strong>Ayuda a recuperar el gusto y el olfato, secuelas del COVID-19<\/strong><\/li><\/ul>\n\n\n\n<p class=\"has-text-align-center has-white-background-color has-background\"><strong>Cont\u00e1ctame por WhatsApp y solicit\u00e1 tu turno para una sesi\u00f3n<\/strong><\/p>\n","protected":false},"excerpt":{"rendered":"<p>La Yamamoto New Scalp Acupuncture o YNSA fue creada hace m\u00e1s de cincuenta a\u00f1os por el Dr. Toshikatsu Yamamoto, m\u00e9dico y anestesi\u00f3logo y gran conocedor de la acupuntura, quien descubri\u00f3 la conexi\u00f3n entre ciertos puntos del cr\u00e1neo y regiones concretas del organismo. La\u00a0YNSA\u00a0es un microsistema de\u00a0acupuntura\u00a0completo localizado en el cuero cabelludo. Utilizando puntos reflejos anat\u00f3micos&hellip; <br \/> <a class=\"read-more\" href=\"https:\/\/elizabeth-desiderio.ar\/?page_id=1142\">Leer m\u00e1s<\/a><\/p>\n","protected":false},"author":1,"featured_media":0,"parent":0,"menu_order":0,"comment_status":"closed","ping_status":"closed","template":"","meta":{"om_disable_all_campaigns":false,"_monsterinsights_skip_tracking":false,"_monsterinsights_sitenote_active":false,"_monsterinsights_sitenote_note":"","_monsterinsights_sitenote_category":0,"footnotes":""},"class_list":["post-1142","page","type-page","status-publish","hentry"],"aioseo_notices":[],"_links":{"self":[{"href":"https:\/\/elizabeth-desiderio.ar\/index.php?rest_route=\/wp\/v2\/pages\/1142","targetHints":{"allow":["GET"]}}],"collection":[{"href":"https:\/\/elizabeth-desiderio.ar\/index.php?rest_route=\/wp\/v2\/pages"}],"about":[{"href":"https:\/\/elizabeth-desiderio.ar\/index.php?rest_route=\/wp\/v2\/types\/page"}],"author":[{"embeddable":true,"href":"https:\/\/elizabeth-desiderio.ar\/index.php?rest_route=\/wp\/v2\/users\/1"}],"replies":[{"embeddable":true,"href":"https:\/\/elizabeth-desiderio.ar\/index.php?rest_route=%2Fwp%2Fv2%2Fcomments&post=1142"}],"version-history":[{"count":1,"href":"https:\/\/elizabeth-desiderio.ar\/index.php?rest_route=\/wp\/v2\/pages\/1142\/revisions"}],"predecessor-version":[{"id":1146,"href":"https:\/\/elizabeth-desiderio.ar\/index.php?rest_route=\/wp\/v2\/pages\/1142\/revisions\/1146"}],"wp:attachment":[{"href":"https:\/\/elizabeth-desiderio.ar\/index.php?rest_route=%2Fwp%2Fv2%2Fmedia&parent=1142"}],"curies":[{"name":"wp","href":"https:\/\/api.w.org\/{rel}","templated":true}]}}