{"id":1149,"date":"2022-09-07T01:15:39","date_gmt":"2022-09-07T01:15:39","guid":{"rendered":"https:\/\/elizabeth-desiderio.ar\/?page_id=1149"},"modified":"2025-08-17T00:28:07","modified_gmt":"2025-08-17T00:28:07","slug":"acupuntura-coreana-de-mano","status":"publish","type":"page","link":"https:\/\/elizabeth-desiderio.ar\/?page_id=1149","title":{"rendered":"Acupuntura Coreana De Mano"},"content":{"rendered":"<div class=\"wp-block-image is-style-default\">\n<figure class=\"aligncenter size-full is-resized\"><img loading=\"lazy\" decoding=\"async\" width=\"300\" height=\"245\" src=\"https:\/\/elizabeth-desiderio.ar\/wp-content\/uploads\/2025\/08\/konservative-therapie-01-dr-dott-neurochirurgie-koeln.jpg\" alt=\"\" class=\"wp-image-1347\" style=\"width:444px;height:auto\"\/><\/figure><\/div>\n\n\n<p><\/p>\n\n\n\n<p class=\"has-text-color\" style=\"color:#5d7585\"><strong>La manopuntura coreana es una medicina energ\u00e9tica, individualizada y universal y se forma sobre los principios de la filosof\u00eda oriental. El arte de la manopuntura es un testimonio visible de que la mano es un mapa del cuerpo humano a escala reducida.<br>La teor\u00eda de la medicina oriental se\u00f1ala las diferentes causas de las enfermedades:<br>\u2022 Externas: seg\u00fan el tipo de trabajo, clima o condiciones atmosf\u00e9ricas, localizaci\u00f3n geogr\u00e1fica.<br>\u2022 Internas: Emocionales<br>\u2022 Ni internas ni externas: alimentaci\u00f3n y respiraci\u00f3n.<\/strong><\/p>\n\n\n\n<p class=\"has-text-color\" style=\"color:#5d7585\"><strong>La manopuntura puede utilizarse para, pr\u00e1cticamente, la totalidad de patolog\u00edas siendo m\u00e1s eficaz en aquellos casos en los que no existe una lesi\u00f3n org\u00e1nica, es decir, de tipo funcional. En los casos en los que existe una lesi\u00f3n org\u00e1nica puede calmarse e incluso, en algunos casos, se puede parar el dolor.<br>Algunos ejemplos de patolog\u00edas tratables con manopuntura son: dolores articulares y musculares, estr\u00e9s y ansiedad, s\u00edntomas inespec\u00edficos, dolores cervicales, v\u00e9rtigo, contracturas, dolores dorsales y lumbares, ci\u00e1ticas, hipertensi\u00f3n, alteraciones digestivas, restre\u00f1imiento, colon irritable, cefaleas, dismenorreas (dolores del per\u00edodo), c\u00f3licos del lactante, voltear el feto antes del nacimiento, etc.<\/strong><\/p>\n\n\n\n<h5 class=\"wp-block-heading has-text-color\" style=\"color:#5d7585\">ACUPUNTURA COREANA DE MANO<\/h5>\n\n\n\n<ul style=\"color:#5d7585\" class=\"wp-block-list has-text-color\">\n<li><strong>&nbsp;Dolor cr\u00f3nico:&nbsp;una de las causas m\u00e1s comunes por las que las personas buscan remedio con acupuntura.<\/strong><\/li>\n\n\n\n<li><strong>Estimula la fertilidad:&nbsp;esta t\u00e9cnica permite reducir las hormonas del estr\u00e9s que afectan a la fertilidad, aumentan el flujo sangu\u00edneo al \u00fatero (ayudando a tener una pared uterina m\u00e1s gruesa facilitando la fecundaci\u00f3n) y regula el ciclo menstrual ayudando as\u00ed a la planificaci\u00f3n familiar.<\/strong><\/li>\n\n\n\n<li><strong>Calma el dolor de espalda:&nbsp;la acupuntura consigue que el cuerpo libere analg\u00e9sicos naturales, pudiendo cambiar la percepci\u00f3n del dolor de una persona y aliviando los s\u00edntomas.&nbsp;Calma el estr\u00e9s, la ansiedad y la depresi\u00f3n:&nbsp;Los tratamientos de acupuntura dirigidos a diferentes partes del cuerpo pueden calmar diferentes tipos de estr\u00e9s, ansiedad y depresi\u00f3n mediante el aumento de eficiencia de los medicamentos. As\u00ed tambi\u00e9n, con la acupuntura tambi\u00e9n se reducen los efectos secundarios de la droga que pueden incluir nausees, aumento de peso, dificultades para mantener la erecci\u00f3n, eyaculaci\u00f3n retardada y una disminuci\u00f3n del deseo sexual.<\/strong><\/li>\n\n\n\n<li><strong>Mejora la digesti\u00f3n:&nbsp;la acupuntura calma la acidez estomacal y la indigesti\u00f3n en embarazadas.<\/strong><\/li>\n\n\n\n<li><strong>Contrarresta los efectos secundarios de la radiaci\u00f3n:&nbsp;los enfermos de c\u00e1ncer sometidos a radiaci\u00f3n est\u00e1n predispuestos a sufrir una variedad de efectos secundarios que depender\u00e1n de la parte del cuerpo que se est\u00e9 tratando. La acupuntura puede trabajar sobre la gravedad de los efectos de la radioterapia, en particular las n\u00e1useas y la sequedad de boca.<\/strong><\/li>\n\n\n\n<li><strong>Contrarresta los dolores de cabeza:&nbsp;la acupuntura aplicada de forma regular es efectiva para prevenir o reducir la intensidad de las cefaleas tensionales (dolores de cabeza por tensi\u00f3n) y las migra\u00f1as. Es una t\u00e9cnica eficaz para los dolores de cabeza ya existentes o que persisten durante varios d\u00edas.<\/strong><\/li>\n\n\n\n<li><strong>Mejora del bienestar general, dando una nueva calidad de vida:&nbsp;en lugar de visitar un Spa y\/o recibir un masaje, existe la opci\u00f3n de utilizar la acupuntura para mejorar el bienestar general y como tratamiento preventivo.<\/strong><\/li>\n\n\n\n<li><strong>Calma las lesiones corporales:&nbsp;Las personas con tendinitis cr\u00f3nica o artritis, gracias a las sesiones de acupuntura, sufren menos dolor y discapacidad. Adem\u00e1s, tambi\u00e9n puedan tratarse esguinces de tobillo, dolor muscular, etc.<\/strong><\/li>\n<\/ul>\n\n\n\n<p class=\"has-text-align-center has-white-background-color has-background\"><strong>Cont\u00e1ctame por WhatsApp y solicit\u00e1 tu turno para una sesi\u00f3n<\/strong><\/p>\n\n\n\n<p><\/p>\n","protected":false},"excerpt":{"rendered":"<p>La manopuntura coreana es una medicina energ\u00e9tica, individualizada y universal y se forma sobre los principios de la filosof\u00eda oriental. El arte de la manopuntura es un testimonio visible de que la mano es un mapa del cuerpo humano a escala reducida.La teor\u00eda de la medicina oriental se\u00f1ala las diferentes causas de las enfermedades:\u2022 Externas:&hellip; <br \/> <a class=\"read-more\" href=\"https:\/\/elizabeth-desiderio.ar\/?page_id=1149\">Leer m\u00e1s<\/a><\/p>\n","protected":false},"author":1,"featured_media":0,"parent":0,"menu_order":0,"comment_status":"closed","ping_status":"closed","template":"","meta":{"om_disable_all_campaigns":false,"_monsterinsights_skip_tracking":false,"_monsterinsights_sitenote_active":false,"_monsterinsights_sitenote_note":"","_monsterinsights_sitenote_category":0,"footnotes":""},"class_list":["post-1149","page","type-page","status-publish","hentry"],"aioseo_notices":[],"_links":{"self":[{"href":"https:\/\/elizabeth-desiderio.ar\/index.php?rest_route=\/wp\/v2\/pages\/1149","targetHints":{"allow":["GET"]}}],"collection":[{"href":"https:\/\/elizabeth-desiderio.ar\/index.php?rest_route=\/wp\/v2\/pages"}],"about":[{"href":"https:\/\/elizabeth-desiderio.ar\/index.php?rest_route=\/wp\/v2\/types\/page"}],"author":[{"embeddable":true,"href":"https:\/\/elizabeth-desiderio.ar\/index.php?rest_route=\/wp\/v2\/users\/1"}],"replies":[{"embeddable":true,"href":"https:\/\/elizabeth-desiderio.ar\/index.php?rest_route=%2Fwp%2Fv2%2Fcomments&post=1149"}],"version-history":[{"count":4,"href":"https:\/\/elizabeth-desiderio.ar\/index.php?rest_route=\/wp\/v2\/pages\/1149\/revisions"}],"predecessor-version":[{"id":1374,"href":"https:\/\/elizabeth-desiderio.ar\/index.php?rest_route=\/wp\/v2\/pages\/1149\/revisions\/1374"}],"wp:attachment":[{"href":"https:\/\/elizabeth-desiderio.ar\/index.php?rest_route=%2Fwp%2Fv2%2Fmedia&parent=1149"}],"curies":[{"name":"wp","href":"https:\/\/api.w.org\/{rel}","templated":true}]}}