{"id":131,"date":"2025-08-17T00:42:46","date_gmt":"2025-08-17T00:42:46","guid":{"rendered":"http:\/\/elizabeth-desiderio.ar\/mesmerize\/"},"modified":"2025-08-17T02:37:45","modified_gmt":"2025-08-17T02:37:45","slug":"mesmerize","status":"publish","type":"page","link":"https:\/\/elizabeth-desiderio.ar\/","title":{"rendered":"Front Page"},"content":{"rendered":"\t\t<div data-elementor-type=\"wp-page\" data-elementor-id=\"131\" class=\"elementor elementor-131\">\n\t\t\t\t\t\t<div class=\"elementor-inner\">\n\t\t\t\t<div class=\"elementor-section-wrap\">\n\t\t\t\t\t\t\t\t\t<section class=\"elementor-section elementor-top-section elementor-element elementor-element-18d32ef elementor-section-boxed elementor-section-height-default elementor-section-height-default\" data-id=\"18d32ef\" data-element_type=\"section\">\n\t\t\t\t\t\t<div class=\"elementor-container elementor-column-gap-default\">\n\t\t\t\t\t\t\t<div class=\"elementor-row\">\n\t\t\t\t\t<div class=\"elementor-column elementor-col-100 elementor-top-column elementor-element elementor-element-3f5a7c9\" data-id=\"3f5a7c9\" data-element_type=\"column\">\n\t\t\t<div class=\"elementor-column-wrap elementor-element-populated\">\n\t\t\t\t\t\t\t<div class=\"elementor-widget-wrap\">\n\t\t\t\t\t\t<div class=\"elementor-element elementor-element-67d9865 elementor-widget elementor-widget-text-editor\" data-id=\"67d9865\" data-element_type=\"widget\" data-widget_type=\"text-editor.default\">\n\t\t\t\t<div class=\"elementor-widget-container\">\n\t\t\t\t\t\t\t\t<div class=\"elementor-text-editor elementor-clearfix\">\n\t\t\t\t<h3 style=\"text-align: center;\" data-start=\"154\" data-end=\"207\"><strong data-start=\"154\" data-end=\"166\">Vive Zen<\/strong><br data-start=\"166\" data-end=\"169\" \/><em data-start=\"169\" data-end=\"207\">Centro de Medicina Tradicional China<\/em><\/h3><p style=\"text-align: center;\"><strong>Vive Zen \u2013 Centro de Medicina Tradicional China<\/strong><\/p><p style=\"text-align: center;\">En <strong>Vive Zen<\/strong> te acompa\u00f1amos en el camino hacia una vida m\u00e1s <strong>equilibrada y saludable<\/strong> a trav\u00e9s de la <strong>sabidur\u00eda milenaria de la Medicina Tradicional China<\/strong>. Somos un centro especializado donde aplicamos <strong>terapias naturales adaptadas a tus necesidades<\/strong>, con un enfoque <strong>integral, personalizado y respetuoso con tu cuerpo y mente<\/strong>.<\/p><p style=\"text-align: center;\">Nuestro objetivo es ayudarte a <strong>recuperar tu bienestar desde la ra\u00edz<\/strong>, m\u00e1s all\u00e1 de tratar s\u00edntomas: buscamos restablecer el equilibrio f\u00edsico, emocional y energ\u00e9tico, para que tu salud y vitalidad se reflejen en tu vida diaria.<\/p><p style=\"text-align: center;\"><strong>Tratamiento Integrado: Medicina Tradicional China y Terapias Complementarias<\/strong><\/p><p style=\"text-align: center;\" data-start=\"501\" data-end=\"908\">Nos especiaizamos en <b>TRATAMIENTO DEL DOLOR<\/b>, tanto agudo como cr\u00f3nico: molestias musculares, articulares, migra\u00f1as, contracturas y otros trastornos f\u00edsicos que afectan tu calidad de vida.<\/p><p style=\"text-align: center;\" data-start=\"910\" data-end=\"1188\">Cuidarte es esencial para mantener tu energ\u00eda, tu salud y tu bienestar. En <strong data-start=\"985\" data-end=\"997\">Vive Zen<\/strong> te ofrecemos acompa\u00f1amiento profesional y soluciones naturales que van m\u00e1s all\u00e1 de tratar s\u00edntomas: buscamos ayudarte a recuperar tu equilibrio desde la ra\u00edz, de forma consciente y duradera.<\/p><h4 style=\"text-align: center;\" data-start=\"1190\" data-end=\"1255\"><strong data-start=\"1190\" data-end=\"1255\">Recupera tu bienestar. Alivia el dolor. Vive mejor. Vive Zen.<\/strong><\/h4>\t\t\t\t\t<\/div>\n\t\t\t\t\t\t<\/div>\n\t\t\t\t<\/div>\n\t\t\t\t\t\t<\/div>\n\t\t\t\t\t<\/div>\n\t\t<\/div>\n\t\t\t\t\t\t\t\t<\/div>\n\t\t\t\t\t<\/div>\n\t\t<\/section>\n\t\t\t\t<section class=\"elementor-section elementor-top-section elementor-element elementor-element-700890c7 elementor-section-boxed elementor-section-height-default elementor-section-height-default\" data-id=\"700890c7\" data-element_type=\"section\">\n\t\t\t\t\t\t<div class=\"elementor-container elementor-column-gap-default\">\n\t\t\t\t\t\t\t<div class=\"elementor-row\">\n\t\t\t\t\t<div class=\"elementor-column elementor-col-100 elementor-top-column elementor-element elementor-element-3ee030f9\" data-id=\"3ee030f9\" data-element_type=\"column\">\n\t\t\t<div class=\"elementor-column-wrap elementor-element-populated\">\n\t\t\t\t\t\t\t<div class=\"elementor-widget-wrap\">\n\t\t\t\t\t\t<div class=\"elementor-element elementor-element-7a9576c5 elementor-widget elementor-widget-text-editor\" data-id=\"7a9576c5\" data-element_type=\"widget\" data-widget_type=\"text-editor.default\">\n\t\t\t\t<div class=\"elementor-widget-container\">\n\t\t\t\t\t\t\t\t<div class=\"elementor-text-editor elementor-clearfix\">\n\t\t\t\t<div id=\"overlappable-4\" class=\"overlappable-4 content-section content-section-spacing\" style=\"background-color: #ffffff;\" data-label=\"Overlappable\" data-id=\"overlappable-4\" data-export-id=\"overlappable-4\" data-category=\"overlappable\" data-overlap=\"true\"><div class=\"gridContainer\"><div class=\"row spaced-cols text-center center-sm\" data-type=\"row\"><div class=\"col-xs-12 col-sm-4 col-padding col-md-6 \"><p style=\"text-align: right;\"><b>\u00a0<\/b><\/p><\/div><\/div><\/div><\/div><div id=\"terapias-1\" class=\"about-1 content-section\" style=\"background-color: #f5fafd;\" data-label=\"TERAPIAS\" data-id=\"about-1\" data-export-id=\"about-1\" data-category=\"about\"><div class=\"gridContainer\"><div class=\"row text-center\"><div class=\"section-title-col\" data-type=\"column\"><p style=\"text-align: left;\">En <strong>Vive Zen<\/strong> combinamos t\u00e9cnicas ancestrales y terapias modernas para ofrecer un <strong>tratamiento completo y armonioso<\/strong>, adaptado a cada persona. Entre nuestros servicios destacan:<\/p><h5 style=\"text-align: left;\"><strong>Acupuntura y t\u00e9cnicas relacionadas<\/strong><\/h5><p style=\"text-align: left;\"><strong>Acupuntura Abdominal y Umbilical<\/strong>: regula funciones digestivas, equilibra la energ\u00eda vital y alivia dolores.<\/p><p style=\"text-align: left;\"><strong>Acupuntura Est\u00e9tica Facial Japonesa<\/strong>: rejuvenece el rostro de manera natural, suavizando arrugas y levantando p\u00e1rpados.<\/p><p style=\"text-align: left;\"><strong>Craneopuntura de Yamamoto (YNSA)<\/strong>: indicada para dolores cr\u00f3nicos, trastornos neurol\u00f3gicos y emocionales.<\/p><p style=\"text-align: left;\"><strong>Acupuntura Coreana de Mano<\/strong>: t\u00e9cnica pr\u00e1ctica y precisa que estimula puntos espec\u00edficos en la mano para equilibrar todo el cuerpo.<\/p><p style=\"text-align: left;\"><strong>Auriculoterapia<\/strong>: equilibrio a trav\u00e9s de puntos reflejos en la oreja, ideal para ansiedad, adicciones y dolor.<\/p><h6 style=\"text-align: left;\"><strong>Terapias manuales y energ\u00e9ticas<\/strong><\/h6><p style=\"text-align: left;\"><strong>Masaje Tuina<\/strong>: desbloquea la energ\u00eda, relaja tensiones y mejora la circulaci\u00f3n.<\/p><p style=\"text-align: left;\"><strong>Reflexolog\u00eda Podal<\/strong>: estimula puntos reflejos en los pies para mejorar \u00f3rganos y sistemas internos.<\/p><p style=\"text-align: left;\"><strong>Ventosas y Moxibusti\u00f3n<\/strong>: t\u00e9cnicas tradicionales que alivian dolor, tensiones y estimulan la energ\u00eda.<\/p><p style=\"text-align: left;\"><strong>Biomagnetismo<\/strong>: armoniza el pH del organismo, favoreciendo desintoxicaci\u00f3n y recuperaci\u00f3n.<\/p><h6 style=\"text-align: left;\"><strong>Medicina natural y emocional<\/strong><\/h6><p style=\"text-align: left;\"><strong>Homeopat\u00eda Unicista<\/strong>: medicamentos personalizados que estimulan la capacidad curativa del cuerpo.<\/p><p style=\"text-align: left;\"><strong>Fitoterapia China<\/strong>: plantas medicinales para tratar desequilibrios de forma segura y eficaz.<\/p><p style=\"text-align: left;\"><strong>Terapia Floral de Bach<\/strong>: equilibra emociones, reduce bloqueos y restablece armon\u00eda interna.<\/p><h6 style=\"text-align: left;\"><strong>Terapias de sanaci\u00f3n profunda<\/strong><\/h6><p style=\"text-align: left;\"><strong>Hipnosis Regresiva Avanzada<\/strong>: libera traumas y bloqueos emocionales, promoviendo autoconocimiento y bienestar.<\/p><p style=\"text-align: left;\"><strong>Tameana \u2013 Sanaci\u00f3n con Cristales: eleva la vibraci\u00f3n, equilibra chakras y genera paz interior.<\/strong><\/p><p>\u00a0<\/p><p style=\"text-align: center;\"><strong>Beneficios de nuestros tratamientos integrales<\/strong><\/p><p style=\"text-align: center;\"><strong>Aliviar dolores musculares, articulares, migra\u00f1as y contracturas, tanto agudos como cr\u00f3nicos.<\/strong><\/p><p style=\"text-align: center;\">Recuperar <strong>energ\u00eda, vitalidad y bienestar emocional<\/strong>.<\/p><p style=\"text-align: center;\">Mejorar la <strong>circulaci\u00f3n, digesti\u00f3n y metabolismo<\/strong>.<\/p><p style=\"text-align: center;\">Rejuvenecer y revitalizar <strong>rostro y piel<\/strong> de manera natural.<\/p><p style=\"text-align: center;\">Lograr un estado de <strong>equilibrio, calma y armon\u00eda integral<\/strong>.<\/p><p style=\"text-align: center;\">Complementar procedimientos est\u00e9ticos para <strong>potenciar resultados y favorecer la recuperaci\u00f3n<\/strong>.<\/p><p style=\"text-align: center;\"><strong>Una experiencia \u00fanica para vos<\/strong><\/p><p style=\"text-align: center;\">Cada sesi\u00f3n se adapta a tus necesidades, combinando <strong>acupuntura, terapias manuales, energ\u00e9ticas y naturales<\/strong>, creando un tratamiento <strong>personalizado y transformador<\/strong>. En <strong>Vive Zen<\/strong>, cuidarte es esencial para que tu salud, energ\u00eda y belleza se reflejen desde el interior hacia el exterior.<\/p><p style=\"text-align: center;\">\ud83c\udf3f <strong>Recupera tu bienestar. Alivia el dolor. Vive mejor. Vive Zen.<\/strong><br \/>\ud83d\udce9 <strong>Consultanos y reserv\u00e1 tu primera sesi\u00f3n hoy mismo.<\/strong><\/p><p style=\"text-align: center;\">\u00a0<\/p><\/div><\/div><div class=\"row\" style=\"text-align: left;\"><div class=\"button-holder space-bottom space-bottom-small\" data-type=\"column\"><a class=\"button color1\" href=\"https:\/\/elizabeth-desiderio.ar?page_id=46\" target=\"_blank\" rel=\"noopener\" data-cp-link=\"1\">VER M\u00c1S INFO<\/a><\/div><div class=\"col-xs bottom-xs flexbox image-group-bottom-3-img space-bottom-xs center-xs\">\u00a0<\/div><\/div><\/div><\/div><div id=\"testimonials-5\" class=\"testimonials-5 content-section content-section-spacing\" style=\"background-color: #ffffff;\" data-label=\"Testimonials\" data-id=\"testimonials-5\" data-export-id=\"testimonials-5\" data-category=\"testimonials\"><div class=\"gridContainer\"><div class=\"row\" style=\"text-align: left;\"><div class=\"section-title-col\" data-type=\"column\"><h2 class=\"\">Testimonios<\/h2><p class=\"lead\">S\u00famate a la experiencia&#8230;<\/p><\/div><\/div><div class=\"row spaced-cols content-center-sm\" data-type=\"row\"><div class=\"col-sm-4\"><div class=\"card y-move bordered\" data-type=\"column\"><p style=\"text-align: left;\">Con la Acupuntura pude ponerle fin a la ros\u00e1cea Facial que limitaba mi vida.<\/p><h6 class=\"\">Sulma Espinola<\/h6><\/div><\/div><div class=\"col-sm-4\"><div class=\"card y-move bordered\" data-type=\"column\"><p class=\"text-center\">Gracias a la medicina china pude aliviar dolores cr\u00f3nicos\u00a0<\/p><h6 class=\"\">Hilda Ponce<\/h6><\/div><\/div><\/div><\/div><\/div><div id=\"contact-1\" class=\"contact-1 content-section content-section-spacing white-text\" style=\"background-image: url('https:\/\/elizabeth-desiderio.ar\/wp-content\/uploads\/2020\/12\/960x0-1.jpg'); background-size: cover; background-position: center top;\" data-label=\"Contact\" data-id=\"contact-1\" data-export-id=\"contact-1\" data-category=\"contact\" data-parallax-depth=\"20\"><div class=\"gridContainer\"><div class=\"row text-center\"><div class=\"section-title-col\" data-type=\"column\"><h2 class=\"\">Cont\u00e1ctame!<\/h2><p class=\"lead\">Te invito a que, desde el lugar en que tu sabidur\u00eda interior te gu\u00ede, recorramos junt@s esta parte del camino<\/p><\/div><\/div><\/div><\/div><p><!-- Created with Elementor --><!-- Created with Elementor --><\/p>\t\t\t\t\t<\/div>\n\t\t\t\t\t\t<\/div>\n\t\t\t\t<\/div>\n\t\t\t\t\t\t<\/div>\n\t\t\t\t\t<\/div>\n\t\t<\/div>\n\t\t\t\t\t\t\t\t<\/div>\n\t\t\t\t\t<\/div>\n\t\t<\/section>\n\t\t\t\t\t\t\t\t\t<\/div>\n\t\t\t<\/div>\n\t\t\t\t\t<\/div>\n\t\t","protected":false},"excerpt":{"rendered":"<p>Vive ZenCentro de Medicina Tradicional ChinaVive Zen \u2013 Centro de Medicina Tradicional ChinaEn Vive Zen te acompa\u00f1amos en el camino hacia una vida m\u00e1s equilibrada y saludable a trav\u00e9s de la sabidur\u00eda milenaria de la Medicina Tradicional China. Somos un centro especializado donde aplicamos terapias naturales adaptadas a tus necesidades, con un enfoque integral, personalizado&hellip; <br \/> <a class=\"read-more\" href=\"https:\/\/elizabeth-desiderio.ar\/\">Leer m\u00e1s<\/a><\/p>\n","protected":false},"author":1,"featured_media":210,"parent":0,"menu_order":0,"comment_status":"closed","ping_status":"closed","template":"page-templates\/homepage.php","meta":{"om_disable_all_campaigns":false,"_monsterinsights_skip_tracking":false,"_monsterinsights_sitenote_active":false,"_monsterinsights_sitenote_note":"","_monsterinsights_sitenote_category":0,"footnotes":""},"class_list":["post-131","page","type-page","status-publish","has-post-thumbnail","hentry"],"aioseo_notices":[],"_links":{"self":[{"href":"https:\/\/elizabeth-desiderio.ar\/index.php?rest_route=\/wp\/v2\/pages\/131","targetHints":{"allow":["GET"]}}],"collection":[{"href":"https:\/\/elizabeth-desiderio.ar\/index.php?rest_route=\/wp\/v2\/pages"}],"about":[{"href":"https:\/\/elizabeth-desiderio.ar\/index.php?rest_route=\/wp\/v2\/types\/page"}],"author":[{"embeddable":true,"href":"https:\/\/elizabeth-desiderio.ar\/index.php?rest_route=\/wp\/v2\/users\/1"}],"replies":[{"embeddable":true,"href":"https:\/\/elizabeth-desiderio.ar\/index.php?rest_route=%2Fwp%2Fv2%2Fcomments&post=131"}],"version-history":[{"count":110,"href":"https:\/\/elizabeth-desiderio.ar\/index.php?rest_route=\/wp\/v2\/pages\/131\/revisions"}],"predecessor-version":[{"id":1406,"href":"https:\/\/elizabeth-desiderio.ar\/index.php?rest_route=\/wp\/v2\/pages\/131\/revisions\/1406"}],"wp:featuredmedia":[{"embeddable":true,"href":"https:\/\/elizabeth-desiderio.ar\/index.php?rest_route=\/wp\/v2\/media\/210"}],"wp:attachment":[{"href":"https:\/\/elizabeth-desiderio.ar\/index.php?rest_route=%2Fwp%2Fv2%2Fmedia&parent=131"}],"curies":[{"name":"wp","href":"https:\/\/api.w.org\/{rel}","templated":true}]}}