{"id":1476,"date":"2025-09-20T01:25:37","date_gmt":"2025-09-20T01:25:37","guid":{"rendered":"https:\/\/elizabeth-desiderio.ar\/?page_id=1476"},"modified":"2025-09-20T01:25:38","modified_gmt":"2025-09-20T01:25:38","slug":"electroacupuntura","status":"publish","type":"page","link":"https:\/\/elizabeth-desiderio.ar\/?page_id=1476","title":{"rendered":"Electroacupuntura"},"content":{"rendered":"\n<h1 class=\"wp-block-heading has-text-color has-link-color has-medium-font-size wp-elements-f1c83f36ab8b4d0a11b232d8c6903d20\" style=\"color:#5d7589\">Equilibrio entre tradici\u00f3n y tecnolog\u00eda<\/h1>\n\n\n\n<p class=\"has-text-color has-link-color has-medium-font-size wp-elements-0941763eda52764b2ee12a89512cb6e0\" style=\"color:#5d7589\">La <strong>electroacupuntura<\/strong> es una variante de la acupuntura que combina la sabidur\u00eda de la medicina tradicional china con la tecnolog\u00eda moderna. Fue desarrollada en China en la d\u00e9cada de los 60 y desde entonces se ha consolidado como una t\u00e9cnica eficaz para mejorar la salud, aliviar el dolor y promover el bienestar.<\/p>\n\n\n\n<p class=\"has-text-color has-link-color has-medium-font-size wp-elements-46417a8bcefac7d5b5467d481600d0e0\" style=\"color:#5d7589\">A diferencia de la acupuntura tradicional, en este tratamiento se aplica una <strong>corriente el\u00e9ctrica de baja frecuencia<\/strong> a las agujas insertadas en puntos espec\u00edficos del cuerpo. Esta estimulaci\u00f3n potencia los efectos de la acupuntura, permitiendo que la energ\u00eda vital o <strong>Qi<\/strong> fluya sin bloqueos y restableciendo el equilibrio natural del organismo.<\/p>\n\n\n\n<h2 class=\"wp-block-heading has-text-color has-link-color has-medium-font-size wp-elements-3ea24b139e080f63aa49d82c1169946f\" style=\"color:#5d7589\">\u00bfC\u00f3mo funciona una sesi\u00f3n?<\/h2>\n\n\n\n<ol class=\"wp-block-list\">\n<li class=\"has-text-color has-link-color has-medium-font-size wp-elements-8c309765588cc0a8f9e6a1725048084e\" style=\"color:#5d7589\">El profesional realiza una evaluaci\u00f3n inicial para conocer los s\u00edntomas, el historial m\u00e9dico y los objetivos del tratamiento.<\/li>\n\n\n\n<li class=\"has-text-color has-link-color has-medium-font-size wp-elements-8bd2da90aab11c80fc39e9a4de724c6b\" style=\"color:#5d7589\">Se seleccionan los puntos de acupuntura adecuados y se insertan las agujas.<\/li>\n\n\n\n<li class=\"has-text-color has-link-color has-medium-font-size wp-elements-53ccf1728e10a82c5f3cc81426670d50\" style=\"color:#5d7589\">A trav\u00e9s de un peque\u00f1o generador el\u00e9ctrico conectado a las agujas mediante clips, se aplica la corriente de manera <strong>progresiva y personalizada<\/strong> en intensidad y frecuencia.<\/li>\n\n\n\n<li class=\"has-text-color has-link-color has-medium-font-size wp-elements-deee40488a90f12985452e5ddaed49a2\" style=\"color:#5d7589\">La sesi\u00f3n suele durar entre <strong>20 y 40 minutos<\/strong>, tiempo durante el cual el paciente puede relajarse.<\/li>\n<\/ol>\n\n\n\n<p class=\"has-text-color has-link-color has-medium-font-size wp-elements-753c6ea831f114335dd0bd3c644f2f79\" style=\"color:#5d7589\">En algunas variantes, la corriente tambi\u00e9n puede aplicarse mediante ap\u00f3sitos, lo que representa una opci\u00f3n para quienes no toleran bien las agujas.<\/p>\n\n\n\n<h2 class=\"wp-block-heading has-text-color has-link-color has-medium-font-size wp-elements-06a9dc7862bb2054cdf9337c55ab4b80\" style=\"color:#5d7589\">Beneficios principales de la electroacupuntura<\/h2>\n\n\n\n<p class=\"has-text-color has-link-color has-medium-font-size wp-elements-f56480a2cf1a13c99e5b4e02f854ca04\" style=\"color:#5d7589\">\u2714 <strong>Alivio del dolor<\/strong>: eficaz en migra\u00f1as, artritis, ci\u00e1tica, lumbalgias, c\u00f3lico nefr\u00edtico, dolor muscular y articular.<br>\u2714 <strong>Reducci\u00f3n de la inflamaci\u00f3n<\/strong>: \u00fatil en lesiones deportivas y enfermedades reumatol\u00f3gicas.<br>\u2714 <strong>Recuperaci\u00f3n y rehabilitaci\u00f3n<\/strong>: acelera la regeneraci\u00f3n de tendones, nervios y musculatura afectada.<br>\u2714 <strong>Mejora del sistema nervioso<\/strong>: beneficios en casos de par\u00e1lisis facial, ansiedad, insomnio o efectos secundarios de la quimioterapia (como v\u00f3mitos).<br>\u2714 <strong>Optimizaci\u00f3n del rendimiento deportivo<\/strong>: favorece la recuperaci\u00f3n post-entrenamiento.<\/p>\n\n\n\n<p class=\"has-text-color has-link-color has-medium-font-size wp-elements-a9b1352be49f202406f5071915fb874a\" style=\"color:#5d7589\">Lo m\u00e1s interesante es que muchas personas notan <strong>resultados positivos desde la segunda sesi\u00f3n<\/strong>, lo que hace de esta t\u00e9cnica una opci\u00f3n muy valorada en terapias integrativas.<\/p>\n\n\n\n<h2 class=\"wp-block-heading has-text-color has-link-color has-medium-font-size wp-elements-94db0821cfac9535c669c84afb0cc141\" style=\"color:#5d7589\">Usos en est\u00e9tica y bienestar<\/h2>\n\n\n\n<p class=\"has-text-color has-link-color has-medium-font-size wp-elements-83d6f9560348f05516507b6887da216f\" style=\"color:#5d7589\">La electroacupuntura no solo tiene aplicaciones cl\u00ednicas, sino tambi\u00e9n est\u00e9ticas:<br>\u2728 Reducci\u00f3n de celulitis y piel de naranja.<br>\u2728 Reafirmaci\u00f3n de senos y piel.<br>\u2728 Difuminaci\u00f3n de estr\u00edas, cicatrices y queloides.<br>\u2728 Modelado corporal y reducci\u00f3n de grasa localizada (muslos, abdomen, brazos).<\/p>\n\n\n\n<p class=\"has-text-color has-link-color has-medium-font-size wp-elements-1ecf0f8272da9d6a7cc2d456c12649ef\" style=\"color:#5d7589\">Cuando se combina con <strong>h\u00e1bitos saludables y ejercicio regular<\/strong>, sus resultados pueden ser a\u00fan m\u00e1s visibles y duraderos.<\/p>\n\n\n\n<h2 class=\"wp-block-heading has-text-color has-link-color has-medium-font-size wp-elements-304c58a6e2fb23459bcc67b658836313\" style=\"color:#5d7589\">Contraindicaciones<\/h2>\n\n\n\n<p class=\"has-text-color has-link-color has-medium-font-size wp-elements-73889f6f13b1d5959ab6b779d3fa7b18\" style=\"color:#5d7589\">Aunque es un tratamiento seguro, no est\u00e1 recomendado en los siguientes casos:<\/p>\n\n\n\n<ul class=\"wp-block-list\">\n<li class=\"has-text-color has-link-color has-medium-font-size wp-elements-371d594591cdf9feeb761a2f70f9ba90\" style=\"color:#5d7589\">Personas con <strong>marcapasos<\/strong> o <strong>epilepsia<\/strong>.<\/li>\n\n\n\n<li class=\"has-text-color has-link-color has-medium-font-size wp-elements-f04fc53d901703f1a97271b442c09c13\" style=\"color:#5d7589\">Mujeres embarazadas.<\/li>\n\n\n\n<li class=\"has-text-color has-link-color has-medium-font-size wp-elements-fb798dd6d0906eb521b076fc28fc6179\" style=\"color:#5d7589\">Zonas cercanas a <strong>implantes met\u00e1licos<\/strong> (incluidos dentales) o heridas abiertas.<\/li>\n<\/ul>\n\n\n\n<p class=\"has-text-color has-link-color has-medium-font-size wp-elements-5c8ca477b9a3281a6a6067de2fec0643\" style=\"color:#5d7589\">Por eso, es fundamental que la electroacupuntura sea aplicada \u00fanicamente por un <strong>profesional certificado<\/strong>, con conocimientos en anatom\u00eda, canales energ\u00e9ticos y medicina tradicional china.<\/p>\n\n\n\n<p class=\"has-text-align-center has-text-color has-link-color has-medium-font-size wp-elements-145492416ab4b13f2b52f15dfcb34168\" style=\"color:#5d7589\">La electroacupuntura es mucho m\u00e1s que una t\u00e9cnica complementaria: es una herramienta poderosa para <strong>recuperar la salud, mejorar la calidad de vida y potenciar la energ\u00eda vital<\/strong>. Ya sea para tratar dolores, apoyar procesos de rehabilitaci\u00f3n o incluso como recurso est\u00e9tico, ofrece beneficios comprobados y seguros cuando se realiza de manera profesional.<\/p>\n\n\n\n<p class=\"has-text-align-center has-white-background-color has-text-color has-background has-link-color has-medium-font-size wp-elements-b3f76771eac444b108652aa48dae95cf\" style=\"color:#5d7589\">Te invito a <strong>reservar tu sesi\u00f3n de electroacupuntura<\/strong> y experimentar en primera persona c\u00f3mo esta terapia puede ayudarte a alcanzar un mayor bienestar.<\/p>\n","protected":false},"excerpt":{"rendered":"<p>Equilibrio entre tradici\u00f3n y tecnolog\u00eda La electroacupuntura es una variante de la acupuntura que combina la sabidur\u00eda de la medicina tradicional china con la tecnolog\u00eda moderna. Fue desarrollada en China en la d\u00e9cada de los 60 y desde entonces se ha consolidado como una t\u00e9cnica eficaz para mejorar la salud, aliviar el dolor y promover&hellip; <br \/> <a class=\"read-more\" href=\"https:\/\/elizabeth-desiderio.ar\/?page_id=1476\">Leer m\u00e1s<\/a><\/p>\n","protected":false},"author":1,"featured_media":0,"parent":0,"menu_order":0,"comment_status":"closed","ping_status":"closed","template":"","meta":{"om_disable_all_campaigns":false,"_monsterinsights_skip_tracking":false,"_monsterinsights_sitenote_active":false,"_monsterinsights_sitenote_note":"","_monsterinsights_sitenote_category":0,"footnotes":""},"class_list":["post-1476","page","type-page","status-publish","hentry"],"aioseo_notices":[],"_links":{"self":[{"href":"https:\/\/elizabeth-desiderio.ar\/index.php?rest_route=\/wp\/v2\/pages\/1476","targetHints":{"allow":["GET"]}}],"collection":[{"href":"https:\/\/elizabeth-desiderio.ar\/index.php?rest_route=\/wp\/v2\/pages"}],"about":[{"href":"https:\/\/elizabeth-desiderio.ar\/index.php?rest_route=\/wp\/v2\/types\/page"}],"author":[{"embeddable":true,"href":"https:\/\/elizabeth-desiderio.ar\/index.php?rest_route=\/wp\/v2\/users\/1"}],"replies":[{"embeddable":true,"href":"https:\/\/elizabeth-desiderio.ar\/index.php?rest_route=%2Fwp%2Fv2%2Fcomments&post=1476"}],"version-history":[{"count":1,"href":"https:\/\/elizabeth-desiderio.ar\/index.php?rest_route=\/wp\/v2\/pages\/1476\/revisions"}],"predecessor-version":[{"id":1478,"href":"https:\/\/elizabeth-desiderio.ar\/index.php?rest_route=\/wp\/v2\/pages\/1476\/revisions\/1478"}],"wp:attachment":[{"href":"https:\/\/elizabeth-desiderio.ar\/index.php?rest_route=%2Fwp%2Fv2%2Fmedia&parent=1476"}],"curies":[{"name":"wp","href":"https:\/\/api.w.org\/{rel}","templated":true}]}}