{"id":55,"date":"2020-12-21T00:22:44","date_gmt":"2020-12-21T00:22:44","guid":{"rendered":"http:\/\/elizabeth-desiderio.ar\/?page_id=55"},"modified":"2025-05-23T23:55:18","modified_gmt":"2025-05-23T23:55:18","slug":"mas-sobre-mi","status":"publish","type":"page","link":"https:\/\/elizabeth-desiderio.ar\/?page_id=55","title":{"rendered":"M\u00e1s sobre mi"},"content":{"rendered":"\n<ul class=\"has-black-color has-text-color wp-block-list\"><li>Diplomada en Medicina Tradicional China. (Acupuntura y MTCH). (Escuela de Medicina Tradicional China AN MO)<\/li><li>Certificada en masaje Chino T\u00e9cnica Tui Na y Auriculoterapeuta (Escuela de Medicina Tradicional China AN MO)<\/li><li>T\u00e9cnica en Moxibustionterapia y Ventosaterapia (Escuela de Medicina Tradicional China AN MO)<\/li><li>Fitoterapeuta y Naturopata (UBA)<\/li><li>T\u00e9cnica en Acupuntura Japonesa y Coreana (Instituto M\u00e9dico Argentino de Acupuntura)<\/li><li>Terapeuta en Biomagnetismo y Terapia Sinergial (Biomagnetismoeric Argentina)<\/li><li>Terapeuta Sistema Dr. Edward Bach Facilitadora de T\u00e9cnicas Psico-Homeop\u00e1ticas de Bienestar (Instituto Hahnemanniano Internacional)<\/li><li>Homeopat\u00eda Unicista ( Centro de Estudios Homeop\u00e1ticos de Argentina \u201cFarma Green\u201d en forma conjunta con el Instituto Hahnemanniano Internacional Filial Buenos Aires)<\/li><li>Profesora Internacional de Yoga (de La Emiliano Crivellari \u2013 Escuela de Yoga &amp; Ayurveda: Yoga Alliance (USA), Yoga Alliance International (India), World Yoga Alliance (India), South American Yoga Federation, Asociaci\u00f3n Argentina de Profesores de Yoga O.A.D.E.E.Y. (Organizaci\u00f3n Argentina para la Difusi\u00f3n, Estudio y Ense\u00f1anza del Yoga)<\/li><li>Consultora en Aromaterapia y Aceites Esenciales (ACP)<\/li><li>Diplomado integral de Trofolog\u00eda (INAT)<\/li><li>Asistente en Descodificaci\u00f3n Biol\u00f3gica (Universidad Abierta Interamericana)<\/li><li>Acompa\u00f1ante en Bioneuroemoci\u00f3n (Institute Enric Corbera)<\/li><li>Radiestesista (Asociaci\u00f3n Argentina de Radiestesia)<\/li><li>Master Reiki Usui (Asociaci\u00f3n Argentina de Reiki)<\/li><li>Terapeuta en Hipnosis Regresiva Avanzada ( LAHP La Academia de Hipnosis Profesional)<\/li><li>Profesora Licenciada en Producci\u00f3n de Bioim\u00e1genes (UDEMM)<\/li><li>Guardiana Munay ki<\/li><\/ul>\n\n\n\n<div class=\"wp-block-buttons is-content-justification-center is-layout-flex wp-container-core-buttons-is-layout-16018d1d wp-block-buttons-is-layout-flex\">\n<div class=\"wp-block-button\"><a class=\"wp-block-button__link\" href=\"https:\/\/wa.me\/5491134214151\/?text=Hola te escribo desde la pagina web, me gustar\u00eda recibir mas informaci\u00f3n sobre...\" target=\"_blank\" rel=\"noreferrer noopener\">Sesiones Online y Presencial<\/a><\/div>\n<\/div>\n\n\n\n<div class=\"wp-block-image is-style-default\"><figure class=\"aligncenter size-full is-resized\"><img loading=\"lazy\" decoding=\"async\" src=\"https:\/\/elizabeth-desiderio.ar\/wp-content\/uploads\/2025\/05\/cropped-cropped-image-1.png\" alt=\"\" class=\"wp-image-1259\" width=\"231\" height=\"329\" srcset=\"https:\/\/elizabeth-desiderio.ar\/wp-content\/uploads\/2025\/05\/cropped-cropped-image-1.png 537w, https:\/\/elizabeth-desiderio.ar\/wp-content\/uploads\/2025\/05\/cropped-cropped-image-1-210x300.png 210w\" sizes=\"auto, (max-width: 231px) 100vw, 231px\" \/><figcaption> <\/figcaption><\/figure><\/div>\n\n\n\n<h3 class=\"has-text-align-center wp-block-heading\" id=\"wnd_TextBlock_511411_inner_1\">Recupera tu equilibrio y bienestar integral con Medicina China y Terapias Hol\u00edsticas Integradas<\/h3>\n\n\n\n<p class=\"has-text-align-center has-black-color has-text-color\">Si el estr\u00e9s, la ansiedad o el dolor est\u00e1n afectando tu vida, la medicina tradicional china y las terapias hol\u00edsticas pueden ayudarte a restaurar el equilibrio en cuerpo, mente y esp\u00edritu.<\/p>\n\n\n\n<p class=\"has-text-align-center has-black-color has-text-color\">A trav\u00e9s de t\u00e9cnicas como la acupuntura, la fitoterapia y el masaje terap\u00e9utico, trabajaremos para eliminar el dolor, reducir el estr\u00e9s y alinear tu <em>Qi<\/em> (energ\u00eda vital), abordando las causas profundas de tus desequilibrios emocionales y f\u00edsicos.<\/p>\n\n\n\n<p class=\"has-text-align-center has-black-color has-text-color\"><strong>Haz de tu salud una prioridad. Reserva tu consulta y comienza tu camino hacia el bienestar integral.<\/strong><\/p>\n\n\n\n<p id=\"wnd_TextBlock_511411_inner_2\"><mark style=\"background-color:rgba(0, 0, 0, 0);color:#2d3335\" class=\"has-inline-color\">.<\/mark>\u00a0<\/p>\n\n\n\n<h3 class=\"wp-block-heading\" id=\"wnd_TextBlock_511411_inner_1\">&nbsp;<\/h3>\n","protected":false},"excerpt":{"rendered":"<p>Diplomada en Medicina Tradicional China. (Acupuntura y MTCH). (Escuela de Medicina Tradicional China AN MO) Certificada en masaje Chino T\u00e9cnica Tui Na y Auriculoterapeuta (Escuela de Medicina Tradicional China AN MO) T\u00e9cnica en Moxibustionterapia y Ventosaterapia (Escuela de Medicina Tradicional China AN MO) Fitoterapeuta y Naturopata (UBA) T\u00e9cnica en Acupuntura Japonesa y Coreana (Instituto M\u00e9dico&hellip; <br \/> <a class=\"read-more\" href=\"https:\/\/elizabeth-desiderio.ar\/?page_id=55\">Leer m\u00e1s<\/a><\/p>\n","protected":false},"author":1,"featured_media":292,"parent":0,"menu_order":0,"comment_status":"closed","ping_status":"closed","template":"","meta":{"om_disable_all_campaigns":false,"_monsterinsights_skip_tracking":false,"_monsterinsights_sitenote_active":false,"_monsterinsights_sitenote_note":"","_monsterinsights_sitenote_category":0,"footnotes":""},"class_list":["post-55","page","type-page","status-publish","has-post-thumbnail","hentry"],"aioseo_notices":[],"_links":{"self":[{"href":"https:\/\/elizabeth-desiderio.ar\/index.php?rest_route=\/wp\/v2\/pages\/55","targetHints":{"allow":["GET"]}}],"collection":[{"href":"https:\/\/elizabeth-desiderio.ar\/index.php?rest_route=\/wp\/v2\/pages"}],"about":[{"href":"https:\/\/elizabeth-desiderio.ar\/index.php?rest_route=\/wp\/v2\/types\/page"}],"author":[{"embeddable":true,"href":"https:\/\/elizabeth-desiderio.ar\/index.php?rest_route=\/wp\/v2\/users\/1"}],"replies":[{"embeddable":true,"href":"https:\/\/elizabeth-desiderio.ar\/index.php?rest_route=%2Fwp%2Fv2%2Fcomments&post=55"}],"version-history":[{"count":28,"href":"https:\/\/elizabeth-desiderio.ar\/index.php?rest_route=\/wp\/v2\/pages\/55\/revisions"}],"predecessor-version":[{"id":1311,"href":"https:\/\/elizabeth-desiderio.ar\/index.php?rest_route=\/wp\/v2\/pages\/55\/revisions\/1311"}],"wp:featuredmedia":[{"embeddable":true,"href":"https:\/\/elizabeth-desiderio.ar\/index.php?rest_route=\/wp\/v2\/media\/292"}],"wp:attachment":[{"href":"https:\/\/elizabeth-desiderio.ar\/index.php?rest_route=%2Fwp%2Fv2%2Fmedia&parent=55"}],"curies":[{"name":"wp","href":"https:\/\/api.w.org\/{rel}","templated":true}]}}