{"id":577,"date":"2025-08-17T00:00:14","date_gmt":"2025-08-17T00:00:14","guid":{"rendered":"https:\/\/elizabeth-desiderio.ar\/?page_id=577"},"modified":"2025-08-17T00:00:15","modified_gmt":"2025-08-17T00:00:15","slug":"terapia-transgeneracional","status":"publish","type":"page","link":"https:\/\/elizabeth-desiderio.ar\/?page_id=577","title":{"rendered":"Acupuntura Abdominal y Umbilical"},"content":{"rendered":"<div class=\"wp-block-image\">\n<figure class=\"aligncenter size-full\"><img loading=\"lazy\" decoding=\"async\" width=\"474\" height=\"296\" src=\"https:\/\/elizabeth-desiderio.ar\/wp-content\/uploads\/2025\/08\/OIP-2.webp\" alt=\"\" class=\"wp-image-1350\" srcset=\"https:\/\/elizabeth-desiderio.ar\/wp-content\/uploads\/2025\/08\/OIP-2.webp 474w, https:\/\/elizabeth-desiderio.ar\/wp-content\/uploads\/2025\/08\/OIP-2-300x187.webp 300w\" sizes=\"auto, (max-width: 474px) 100vw, 474px\" \/><\/figure><\/div>\n\n\n<p><\/p>\n\n\n\n<h2 class=\"wp-block-heading has-text-color has-medium-font-size\" style=\"color:#5d7589\">Sanando desde la Tortuga Celestial<\/h2>\n\n\n\n<h3 class=\"wp-block-heading has-text-color has-link-color wp-elements-b57a3ebc94bbe8c5e0662ca7a6b96cd5\" style=\"color:#5d7589\">Recuper\u00e1 tu bienestar de una forma natural, segura e indolora<\/h3>\n\n\n\n<p class=\"has-text-color has-link-color wp-elements-7515b6d39896f77cd997f18a5fa00b0a\" style=\"color:#5d7589\">La acupuntura abdominal es una t\u00e9cnica moderna de la Medicina Tradicional China que trabaja directamente sobre el abdomen, considerado el <strong>centro de la energ\u00eda vital<\/strong>.<br>Es un tratamiento <strong>r\u00e1pido, suave y pr\u00e1cticamente indoloro<\/strong>, ideal si busc\u00e1s resultados efectivos sin molestias.<\/p>\n\n\n\n<p class=\"has-text-color has-link-color wp-elements-bc4dd559129d2943ae63c5e8f97f236c\" style=\"color:#5d7589\">\ud83d\udc49 <strong>Agend\u00e1 tu turno y empez\u00e1 a sentir el cambio en tu salud.<\/strong><\/p>\n\n\n\n<hr class=\"wp-block-separator has-alpha-channel-opacity\"\/>\n\n\n\n<h2 class=\"wp-block-heading has-text-color has-link-color wp-elements-d80f38427136ef9a0ac12fa8a8475763\" style=\"color:#5d7589\">Beneficios principales<\/h2>\n\n\n\n<ul class=\"wp-block-list\">\n<li class=\"has-text-color has-link-color wp-elements-5ae666d16a919693a58efe61a80e78cc\" style=\"color:#5d7589\"><strong>Alivio del dolor:<\/strong> dolores musculares, articulares, lumbares, artritis o fibromialgia.<\/li>\n\n\n\n<li class=\"has-text-color has-link-color wp-elements-5cef82584aa366c20a1254d9ef2378aa\" style=\"color:#5d7589\"><strong>Mejora digestiva:<\/strong> acidez, colon irritable, constipaci\u00f3n, digestiones lentas.<\/li>\n\n\n\n<li class=\"has-text-color has-link-color wp-elements-3e035f9fc14c900f8039aed512db5c40\" style=\"color:#5d7589\"><strong>Equilibrio emocional:<\/strong> menos estr\u00e9s y ansiedad, mejor descanso y calidad de sue\u00f1o.<\/li>\n\n\n\n<li class=\"has-text-color has-link-color wp-elements-5061fd53c72bd653aaee22aacfb0799f\" style=\"color:#5d7589\"><strong>Energ\u00eda y vitalidad:<\/strong> m\u00e1s fuerza, mejor circulaci\u00f3n y resistencia al cansancio.<\/li>\n\n\n\n<li class=\"has-text-color has-link-color wp-elements-55fd84a370b9c6004ab5662d12be0d7c\" style=\"color:#5d7589\"><strong>Defensas m\u00e1s fuertes:<\/strong> estimula el sistema inmunol\u00f3gico.<\/li>\n\n\n\n<li class=\"has-text-color has-link-color wp-elements-80cb41e9d9b297ab6c125743870c9e85\" style=\"color:#5d7589\"><strong>Bienestar femenino:<\/strong> ayuda en menstruaciones dolorosas, equilibrio hormonal y fertilidad.<\/li>\n\n\n\n<li class=\"has-text-color has-link-color wp-elements-d7ff282f62b728bee5e911ebdbb66adc\" style=\"color:#5d7589\"><strong>Salud integral:<\/strong> apoyo en hipertensi\u00f3n, diabetes tipo 2 y otros desequilibrios cr\u00f3nicos.<\/li>\n<\/ul>\n\n\n\n<p class=\"has-text-color has-link-color wp-elements-eea59e79b8349aa193ca6bf35c4700ae\" style=\"color:#5d7589\">\u2728 Una sola t\u00e9cnica, m\u00faltiples beneficios para tu cuerpo y tu mente.<\/p>\n\n\n\n<hr class=\"wp-block-separator has-alpha-channel-opacity\"\/>\n\n\n\n<h2 class=\"wp-block-heading has-text-color has-link-color wp-elements-fd556ea6ed4d85d6c5eeff1b38fbd148\" style=\"color:#5d7589\">\u00bfC\u00f3mo es una sesi\u00f3n?<\/h2>\n\n\n\n<ul class=\"wp-block-list\">\n<li class=\"has-text-color has-link-color wp-elements-3f8b649f31f61cd4e5f4b62dcaf57be6\" style=\"color:#5d7589\">Se colocan <strong>agujas muy finas en el abdomen<\/strong>, pr\u00e1cticamente sin dolor.<\/li>\n\n\n\n<li class=\"has-text-color has-link-color wp-elements-a40792dae6cf230e375d3289b1f8084d\" style=\"color:#5d7589\">Cada sesi\u00f3n es <strong>personalizada seg\u00fan tus necesidades<\/strong>.<\/li>\n\n\n\n<li class=\"has-text-color has-link-color wp-elements-b7fc6742145970396afc637c5296350d\" style=\"color:#5d7589\">El ambiente es tranquilo, seguro y pensado para tu relajaci\u00f3n.<\/li>\n\n\n\n<li class=\"has-text-color has-link-color wp-elements-cf49b985d518d04a9511eb1e5ace5126\" style=\"color:#5d7589\">Pod\u00e9s combinarla con otras terapias para potenciar los resultados.<\/li>\n<\/ul>\n\n\n\n<p class=\"has-text-color has-link-color wp-elements-2225b47b763b28da3f9fde0a34cc3438\" style=\"color:#5d7589\">\ud83d\udc49 <strong>Consultanos ahora y descubr\u00ed c\u00f3mo la acupuntura abdominal puede ayudarte.<\/strong><\/p>\n\n\n\n<hr class=\"wp-block-separator has-alpha-channel-opacity\"\/>\n\n\n\n<h2 class=\"wp-block-heading has-text-color has-link-color wp-elements-53d4c509f4fcd1bc653e2bbe1a650bc0\" style=\"color:#5d7589\">\u00bfPor qu\u00e9 elegirnos?<\/h2>\n\n\n\n<ul style=\"color:#5d7589\" class=\"wp-block-list has-text-color has-link-color wp-elements-c5ecea075daab75d037417d86106c335\">\n<li>Tratamiento <strong>100% natural y sin efectos secundarios<\/strong>.<\/li>\n\n\n\n<li>Sesiones <strong>personalizadas y adaptadas a vos<\/strong>.<\/li>\n\n\n\n<li>Profesionales con experiencia en medicina tradicional y terapias integrativas.<\/li>\n\n\n\n<li>Atenci\u00f3n c\u00e1lida y acompa\u00f1amiento en todo tu proceso de bienestar.<\/li>\n<\/ul>\n\n\n\n<hr class=\"wp-block-separator has-alpha-channel-opacity\"\/>\n\n\n\n<h1 class=\"wp-block-heading has-text-color has-link-color wp-elements-65b686bd0596e987c5ea31ab6a6db8fd\" style=\"color:#5d7589\">Empez\u00e1 hoy mismo<\/h1>\n\n\n\n<p class=\"has-text-color has-link-color wp-elements-dca4edc3d8c81ef85a27149d765a9cb6\" style=\"color:#5d7589\">Tu salud no puede esperar. La acupuntura abdominal es una opci\u00f3n eficaz, indolora y natural para recuperar el equilibrio f\u00edsico y emocional.<\/p>\n\n\n\n<p class=\"has-text-color has-normal-font-size\" style=\"color:#5d7589\">\ud83d\udc49 <strong>Reserv\u00e1 tu turno ahora y da el primer paso hacia tu bienestar.<\/strong><\/p>\n\n\n\n<hr class=\"wp-block-separator has-css-opacity\"\/>\n\n\n\n<p><\/p>\n","protected":false},"excerpt":{"rendered":"<p>Sanando desde la Tortuga Celestial Recuper\u00e1 tu bienestar de una forma natural, segura e indolora La acupuntura abdominal es una t\u00e9cnica moderna de la Medicina Tradicional China que trabaja directamente sobre el abdomen, considerado el centro de la energ\u00eda vital.Es un tratamiento r\u00e1pido, suave y pr\u00e1cticamente indoloro, ideal si busc\u00e1s resultados efectivos sin molestias. \ud83d\udc49&hellip; <br \/> <a class=\"read-more\" href=\"https:\/\/elizabeth-desiderio.ar\/?page_id=577\">Leer m\u00e1s<\/a><\/p>\n","protected":false},"author":1,"featured_media":0,"parent":0,"menu_order":0,"comment_status":"closed","ping_status":"closed","template":"","meta":{"om_disable_all_campaigns":false,"_monsterinsights_skip_tracking":false,"_monsterinsights_sitenote_active":false,"_monsterinsights_sitenote_note":"","_monsterinsights_sitenote_category":0,"footnotes":""},"class_list":["post-577","page","type-page","status-publish","hentry"],"aioseo_notices":[],"_links":{"self":[{"href":"https:\/\/elizabeth-desiderio.ar\/index.php?rest_route=\/wp\/v2\/pages\/577","targetHints":{"allow":["GET"]}}],"collection":[{"href":"https:\/\/elizabeth-desiderio.ar\/index.php?rest_route=\/wp\/v2\/pages"}],"about":[{"href":"https:\/\/elizabeth-desiderio.ar\/index.php?rest_route=\/wp\/v2\/types\/page"}],"author":[{"embeddable":true,"href":"https:\/\/elizabeth-desiderio.ar\/index.php?rest_route=\/wp\/v2\/users\/1"}],"replies":[{"embeddable":true,"href":"https:\/\/elizabeth-desiderio.ar\/index.php?rest_route=%2Fwp%2Fv2%2Fcomments&post=577"}],"version-history":[{"count":10,"href":"https:\/\/elizabeth-desiderio.ar\/index.php?rest_route=\/wp\/v2\/pages\/577\/revisions"}],"predecessor-version":[{"id":1366,"href":"https:\/\/elizabeth-desiderio.ar\/index.php?rest_route=\/wp\/v2\/pages\/577\/revisions\/1366"}],"wp:attachment":[{"href":"https:\/\/elizabeth-desiderio.ar\/index.php?rest_route=%2Fwp%2Fv2%2Fmedia&parent=577"}],"curies":[{"name":"wp","href":"https:\/\/api.w.org\/{rel}","templated":true}]}}