{"id":591,"date":"2020-12-28T21:26:48","date_gmt":"2020-12-28T21:26:48","guid":{"rendered":"https:\/\/elizabeth-desiderio.ar\/?page_id=591"},"modified":"2025-09-17T14:17:13","modified_gmt":"2025-09-17T14:17:13","slug":"terapia-floral-y-aromaterapia","status":"publish","type":"page","link":"https:\/\/elizabeth-desiderio.ar\/?page_id=591","title":{"rendered":"Terapia  Floral y Homeopat\u00eda Unicista"},"content":{"rendered":"\n<h2 class=\"wp-block-heading has-text-color has-medium-font-size\" style=\"color:#5d7589\"><strong>\u00bfQu\u00e9 es la aromaterapia?<\/strong><\/h2>\n\n\n\n<p class=\"has-text-color has-medium-font-size\" style=\"color:#5d7589\">La&nbsp;<strong>aromaterapia<\/strong>&nbsp;es una de las&nbsp;<strong>terapias alternativas<\/strong>&nbsp;que saca partido de las<strong>&nbsp;esencias florales&nbsp;<\/strong>procedentes de plantas arom\u00e1ticas para tratar las afecciones que sufren las personas, pero sobre todo para volver a dotar de equilibrio y armon\u00eda al cuerpo y a la mente.<\/p>\n\n\n\n<p class=\"has-text-color has-medium-font-size\" style=\"color:#5d7589\">Los&nbsp;<strong>aceites esenciales<\/strong>&nbsp;provocan que la recuperaci\u00f3n de cualquier paciente sea m\u00e1s r\u00e1pida y prolongada, al lograrse una mayor sensaci\u00f3n de alegr\u00eda y bienestar mediante aromas que penetran en el cuerpo gracias al tacto y al olfato. Las&nbsp;<strong>propiedades de los aceites esenciales<\/strong>&nbsp;mejoran el estado de salud de las personas que soportan afecciones como la artritis, reuma, bronquitis, calambres, catarros y resfriados, celulitis y resaca, dermatitis, eczemas, estre\u00f1imiento y mala circulaci\u00f3n, entre otras.<\/p>\n\n\n\n<p class=\"has-text-color has-medium-font-size\" style=\"color:#5d7589\">El producto estrella y pionero de la aromaterapia es el&nbsp;<strong>aceite de lavanda,&nbsp;<\/strong>cuyas propiedades van desde sus poderes antis\u00e9pticos, sedantes, analg\u00e9sicos y antiespasm\u00f3dicos, hasta antiinflamatorios, regeneradores y potenciadores, cuando se mezcla con otras esencias<\/p>\n\n\n\n<p class=\"has-text-color has-medium-font-size\" style=\"color:#5d7589\">-. Puedes aplicarlo contra las arrugas, el acn\u00e9, las heridas y quemaduras leves, la dermatitis y la varicela, pero tambi\u00e9n puedes usarlo para ba\u00f1os e inhalaciones, para tratar infecciones ginecol\u00f3gicas, como desodorante, e incluso para relajar a los beb\u00e9s a la hora de dormir, mediante unas gotas en la almohada.<\/p>\n\n\n\n<h2 class=\"wp-block-heading has-text-color has-medium-font-size\" style=\"color:#5d7589\"><strong>\u00bfQu\u00e9 son las flores de Bach?<\/strong><\/h2>\n\n\n\n<p class=\"has-text-color has-medium-font-size\" style=\"color:#5d7589\"><strong>Las flores de Bach<\/strong>&nbsp;son un preparado que se obtiene de la maceraci\u00f3n en agua de manantial de flores maduras de diferentes especies silvestres, que se diluye despu\u00e9s en brandy. Concretamente, son treinta y ocho las&nbsp;<strong>esencias florales<\/strong>&nbsp;existentes: cada una se centra en un trastorno de la personalidad.<\/p>\n\n\n\n<p class=\"has-text-color has-medium-font-size\" style=\"color:#5d7589\">Aunque el l\u00edquido resultante no contiene principios farmacol\u00f3gicamente activos, algunos expertos consideran que la&nbsp;<strong>terapia floral<\/strong>&nbsp;de Bach es una disciplina alternativa de la homeopat\u00eda.<\/p>\n\n\n\n<p class=\"has-text-color has-medium-font-size\" style=\"color:#5d7589\">En este sentido, el creador de esta soluci\u00f3n a los problemas de salud,&nbsp;<strong>Edward Bach<\/strong>, estim\u00f3 que con esta<strong>&nbsp;terapia<\/strong>&nbsp;se mejora la espiritualidad de los pacientes y, por ende, la salud de \u00e9stos. El investigador, m\u00e9dico y home\u00f3pata se centr\u00f3 en estudiar desde 1926 hasta 1934 el hecho de tratar al individuo en lugar de a la enfermedad, ya que la dolencia f\u00edsica proviene de los desequilibrios mentales.<\/p>\n\n\n\n<h2 class=\"wp-block-heading has-text-color has-medium-font-size\" style=\"color:#5d7589\"><strong>\u00bfPara qu\u00e9 sirven las flores de Bach?<\/strong><\/h2>\n\n\n\n<p class=\"has-text-color has-medium-font-size\" style=\"color:#5d7589\">Entre las&nbsp;<strong>propiedades de las flores de Bach&nbsp;<\/strong>destaca la relacionada con la mejora de las enfermedades que poseen un origen emocional, mental o psicosom\u00e1tico. As\u00ed, sirven para tratar el miedo a lo sobrenatural y a la muerte, la intolerancia, los ataques de terror, la incapacidad para corregir errores, la desesperanza, los celos, la envidia, la rabia, el rencor y un largo etc\u00e9tera. Una de las aplicaciones m\u00e1s famosas es la que utiliza&nbsp;<strong>flores de Bach<\/strong>&nbsp;para la&nbsp;<strong>ansiedad,&nbsp;<\/strong>indicada tanto para adultos como para&nbsp;<strong>ni\u00f1os<\/strong>.<\/p>\n\n\n\n<p class=\"has-text-color has-medium-font-size\" style=\"color:#5d7589\">Esta\u00a0<strong>terapia alternativa\u00a0<\/strong>est\u00e1 de moda entre algunos de los futbolistas m\u00e1s famosos del mundo, como\u00a0<strong>Leo Messi<\/strong>,\u00a0<strong>Kun Ag\u00fcero<\/strong>, Luciano Vietto o Mart\u00edn Demichelis. Dado el alto nivel de exigencia que soportan diariamente, sufren numerosas lesiones musculares, por lo que la uni\u00f3n de varios tratamientos naturales, una dieta equilibrada y las flores de Bach suponen una mejor\u00eda en su estado de salud.<\/p>\n\n\n\n<hr class=\"wp-block-separator has-alpha-channel-opacity\"\/>\n\n\n\n<h2 class=\"wp-block-heading has-text-color has-link-color has-medium-font-size wp-elements-8df10046438c458b3ed18df829f70ba3\" style=\"color:#5d7589\">\u00bfQu\u00e9 es la Homeopat\u00eda Unicista?<\/h2>\n\n\n\n<p class=\"has-text-color has-link-color has-medium-font-size wp-elements-4afc02c494c314421f08bd679ef44a40\" style=\"color:#5d7589\">La <strong>Homeopat\u00eda Unicista<\/strong> es una rama de las ciencias m\u00e9dicas que aborda a la persona de manera integral. No se enfoca \u00fanicamente en los s\u00edntomas visibles, sino en la causa interna que genera el desequilibrio, considerando al paciente en su totalidad: cuerpo, mente y entorno.\u00bfC\u00f3mo se determina el tratamiento?<\/p>\n\n\n\n<p class=\"has-text-color has-link-color has-medium-font-size wp-elements-c8da121262d46465d985a72d82733d5a\" style=\"color:#5d7589\">Cada persona es \u00fanica y vive sus afecciones de manera particular. Por eso, el m\u00e9dico home\u00f3pata realiza una historia cl\u00ednica detallada para conocer los s\u00edntomas, caracter\u00edsticas y forma en que el paciente experimenta su desequilibrio.<br>De esta manera se selecciona el medicamento m\u00e1s adecuado, que no solo busca aliviar las manifestaciones externas, sino estimular la <strong>capacidad natural de autorregulaci\u00f3n y curaci\u00f3n<\/strong> del organismo, restaurando su equilibrio global.<\/p>\n\n\n\n<p class=\"has-text-color has-link-color has-medium-font-size wp-elements-850d8242d29073318f10d043e08f65e8\" style=\"color:#5d7589\">Durante la consulta tambi\u00e9n se tienen en cuenta aspectos como:<\/p>\n\n\n\n<ul class=\"wp-block-list has-medium-font-size\">\n<li class=\"has-text-color has-link-color wp-elements-86455d38d5459dbd5e449c2d40f3b73e\" style=\"color:#5d7589\">Constituci\u00f3n f\u00edsica.<\/li>\n\n\n\n<li class=\"has-text-color has-link-color wp-elements-551f7574fcad0f18d0ff11f4bd766acb\" style=\"color:#5d7589\">Forma de reaccionar frente a la enfermedad.<\/li>\n\n\n\n<li class=\"has-text-color has-link-color wp-elements-b2c593eff19d025d7dfbcce8482739e0\" style=\"color:#5d7589\">Sensaciones y percepciones del paciente respecto a su entorno y su malestar.<\/li>\n<\/ul>\n\n\n\n<h2 class=\"wp-block-heading has-text-color has-link-color has-medium-font-size wp-elements-02ab4d0489d1de0071f36882f6692f02\" style=\"color:#5d7589\">\u00bfEn qu\u00e9 se basa?<\/h2>\n\n\n\n<p class=\"has-text-color has-link-color has-medium-font-size wp-elements-004ce737f5400f5e6b2a44602ae591ec\" style=\"color:#5d7589\">La Homeopat\u00eda Unicista se fundamenta en el <strong>principio de similitud<\/strong> y en el uso de sustancias medicinales en dosis muy peque\u00f1as.<\/p>\n\n\n\n<p class=\"has-text-color has-link-color has-medium-font-size wp-elements-010e72cd2ad675e88056b7fde26ac5a9\" style=\"color:#5d7589\">Esto significa que:<\/p>\n\n\n\n<ul class=\"wp-block-list has-medium-font-size\">\n<li class=\"has-text-color has-link-color wp-elements-d4f9ba166a014520906ba4c492fb9d50\" style=\"color:#5d7589\">Una sustancia capaz de provocar determinados s\u00edntomas en una persona sana, administrada en dosis homeop\u00e1ticas a un paciente enfermo, puede activar mecanismos reguladores y reparadores.<\/li>\n\n\n\n<li class=\"has-text-color has-link-color wp-elements-b201580db00343408d6db5dd9200a540\" style=\"color:#5d7589\">Por ejemplo, el caf\u00e9 en exceso puede generar insomnio y palpitaciones. En su versi\u00f3n homeop\u00e1tica, esta misma sustancia puede ayudar a calmar esos s\u00edntomas.<\/li>\n<\/ul>\n\n\n\n<h2 class=\"wp-block-heading has-text-color has-link-color has-medium-font-size wp-elements-3ac6a080ad123ca20c966d9b0da65031\" style=\"color:#5d7589\">\u00bfC\u00f3mo se aplica?<\/h2>\n\n\n\n<p class=\"has-text-color has-link-color has-medium-font-size wp-elements-f375eba72dd06a0224543daed7dd8a6a\" style=\"color:#5d7589\">En homeopat\u00eda se utilizan m\u00e1s de 300 medicamentos elaborados a partir de sustancias naturales, preparados mediante un proceso de <strong>diluci\u00f3n y dinamizaci\u00f3n<\/strong>.<\/p>\n\n\n\n<p class=\"has-text-color has-link-color has-medium-font-size wp-elements-96113968bd2d5144e32fee14f7252b10\" style=\"color:#5d7589\">Estos medicamentos tienen caracter\u00edsticas \u00fanicas:<\/p>\n\n\n\n<ul class=\"wp-block-list\">\n<li class=\"has-text-color has-link-color has-medium-font-size wp-elements-2365e39c0d06ec7693deb5359a8602c0\" style=\"color:#5d7589\">No presentan contraindicaciones ni efectos adversos.<\/li>\n\n\n\n<li class=\"has-text-color has-link-color has-medium-font-size wp-elements-cc9a28148958991f1f896a363fed291d\" style=\"color:#5d7589\">No generan interacciones con otros tratamientos.<\/li>\n\n\n\n<li class=\"has-text-color has-link-color has-medium-font-size wp-elements-2a1dbd047b0f375098cdee38c7c56c35\" style=\"color:#5d7589\">Pueden utilizarse en ni\u00f1os, embarazadas y pacientes polimedicados.<\/li>\n<\/ul>\n\n\n\n<p class=\"has-text-color has-link-color has-medium-font-size wp-elements-392f54c92b05fa97d0da0e107772bfe9\" style=\"color:#5d7589\">Es importante destacar que los medicamentos homeop\u00e1ticos se encuentran exclusivamente en <strong>farmacias especializadas<\/strong>.<\/p>\n\n\n\n<h2 class=\"wp-block-heading has-text-color has-link-color has-medium-font-size wp-elements-e9413d81f49e97be0e3bb2a6cf252319\" style=\"color:#5d7589\">Evidencia cient\u00edfica y actualidad<\/h2>\n\n\n\n<p class=\"has-text-color has-link-color has-medium-font-size wp-elements-2bdab1b26547018b655d32260abb4952\" style=\"color:#5d7589\">Desde sus or\u00edgenes, la homeopat\u00eda se ha apoyado en la experimentaci\u00f3n. En las \u00faltimas d\u00e9cadas, la investigaci\u00f3n ha avanzado y hoy existen estudios de laboratorio que demuestran efectos biol\u00f3gicos de las altas diluciones dinamizadas, as\u00ed como cambios en su estructura y organizaci\u00f3n molecular.<\/p>\n\n\n\n<p class=\"has-text-color has-link-color has-medium-font-size wp-elements-f879ec3aac568ababf1996783ff696b8\" style=\"color:#5d7589\">Actualmente, la homeopat\u00eda se practica en m\u00e1s de <strong>80 pa\u00edses<\/strong>, especialmente en Europa, donde en pa\u00edses como Francia, Inglaterra, Suiza y Alemania forma parte de los sistemas de salud.<\/p>\n\n\n\n<p class=\"has-text-color has-link-color has-medium-font-size wp-elements-e17a1a9dccd1f3059fb03f1efdf04761\" style=\"color:#5d7589\">En <strong>Argentina<\/strong>, la pr\u00e1ctica de la Homeopat\u00eda Unicista se remonta a principios del siglo XX. Sin embargo, en los \u00faltimos a\u00f1os algunos profesionales han utilizado el t\u00e9rmino \u201chomeopat\u00eda\u201d de forma incorrecta, ofreciendo mezclas de f\u00e1rmacos qu\u00edmicos no homeop\u00e1ticos (anfetaminas, diur\u00e9ticos, antidepresivos, etc.) para bajar de peso, poniendo en riesgo la salud de los pacientes. La verdadera Homeopat\u00eda Unicista <strong>no utiliza este tipo de sustancias<\/strong> y se basa exclusivamente en medicamentos homeop\u00e1ticos preparados seg\u00fan su m\u00e9todo tradicional.<\/p>\n\n\n\n<hr class=\"wp-block-separator has-alpha-channel-opacity\"\/>\n\n\n\n<hr class=\"wp-block-separator has-alpha-channel-opacity\"\/>\n\n\n\n<p class=\"has-black-color has-white-background-color has-text-color has-background has-medium-font-size\">Puedes solicitar tu sesi\u00f3n!! Ponte en contacto &#8230;<\/p>\n\n\n\n<p><\/p>\n","protected":false},"excerpt":{"rendered":"<p>\u00bfQu\u00e9 es la aromaterapia? La&nbsp;aromaterapia&nbsp;es una de las&nbsp;terapias alternativas&nbsp;que saca partido de las&nbsp;esencias florales&nbsp;procedentes de plantas arom\u00e1ticas para tratar las afecciones que sufren las personas, pero sobre todo para volver a dotar de equilibrio y armon\u00eda al cuerpo y a la mente. Los&nbsp;aceites esenciales&nbsp;provocan que la recuperaci\u00f3n de cualquier paciente sea m\u00e1s r\u00e1pida y prolongada,&hellip; <br \/> <a class=\"read-more\" href=\"https:\/\/elizabeth-desiderio.ar\/?page_id=591\">Leer m\u00e1s<\/a><\/p>\n","protected":false},"author":1,"featured_media":0,"parent":0,"menu_order":0,"comment_status":"closed","ping_status":"closed","template":"","meta":{"om_disable_all_campaigns":false,"_monsterinsights_skip_tracking":false,"_monsterinsights_sitenote_active":false,"_monsterinsights_sitenote_note":"","_monsterinsights_sitenote_category":0,"footnotes":""},"class_list":["post-591","page","type-page","status-publish","hentry"],"aioseo_notices":[],"_links":{"self":[{"href":"https:\/\/elizabeth-desiderio.ar\/index.php?rest_route=\/wp\/v2\/pages\/591","targetHints":{"allow":["GET"]}}],"collection":[{"href":"https:\/\/elizabeth-desiderio.ar\/index.php?rest_route=\/wp\/v2\/pages"}],"about":[{"href":"https:\/\/elizabeth-desiderio.ar\/index.php?rest_route=\/wp\/v2\/types\/page"}],"author":[{"embeddable":true,"href":"https:\/\/elizabeth-desiderio.ar\/index.php?rest_route=\/wp\/v2\/users\/1"}],"replies":[{"embeddable":true,"href":"https:\/\/elizabeth-desiderio.ar\/index.php?rest_route=%2Fwp%2Fv2%2Fcomments&post=591"}],"version-history":[{"count":4,"href":"https:\/\/elizabeth-desiderio.ar\/index.php?rest_route=\/wp\/v2\/pages\/591\/revisions"}],"predecessor-version":[{"id":1421,"href":"https:\/\/elizabeth-desiderio.ar\/index.php?rest_route=\/wp\/v2\/pages\/591\/revisions\/1421"}],"wp:attachment":[{"href":"https:\/\/elizabeth-desiderio.ar\/index.php?rest_route=%2Fwp%2Fv2%2Fmedia&parent=591"}],"curies":[{"name":"wp","href":"https:\/\/api.w.org\/{rel}","templated":true}]}}