{"id":595,"date":"2020-12-28T21:28:50","date_gmt":"2020-12-28T21:28:50","guid":{"rendered":"https:\/\/elizabeth-desiderio.ar\/?page_id=595"},"modified":"2025-09-17T18:10:03","modified_gmt":"2025-09-17T18:10:03","slug":"terapia-de-biomagnetismo","status":"publish","type":"page","link":"https:\/\/elizabeth-desiderio.ar\/?page_id=595","title":{"rendered":"Terapia del Par Biomagn\u00e9tico"},"content":{"rendered":"\n<h2 class=\"wp-block-heading has-text-color has-link-color has-medium-font-size wp-elements-5abd66f5d4a903105c7ea342a20eca0e\" style=\"color:#5d7589\">Terapia con Imanes para el Equilibrio del Organismo<\/h2>\n\n\n\n<p class=\"has-text-color has-link-color has-medium-font-size wp-elements-29c84e7776b591b397f68cb3fb7fcc7b\" style=\"color:#5d7589\">El <strong>Biomagnetismo M\u00e9dico<\/strong> es una terapia complementaria desarrollada por el <strong>Dr. Isaac Goiz Dur\u00e1n<\/strong> en 1988, que consiste en la aplicaci\u00f3n de imanes de mediana intensidad sobre puntos espec\u00edficos del cuerpo llamados <strong>pares biomagn\u00e9ticos<\/strong>. Estos imanes, colocados con la polaridad adecuada (norte\/sur), ayudan a regular el <strong>pH de los tejidos<\/strong>, favoreciendo la <strong>homeostasis<\/strong> y permitiendo que el propio organismo recupere su equilibrio y capacidad de <strong>autosanaci\u00f3n<\/strong>.<\/p>\n\n\n\n<p class=\"has-text-color has-link-color has-medium-font-size wp-elements-df7a425a8f493a238b524387af5b2683\" style=\"color:#5d7589\">A diferencia de la <strong>magnetoterapia tradicional<\/strong>, utilizada desde la antig\u00fcedad por sus efectos calmantes y desinflamatorios, el Biomagnetismo da un paso m\u00e1s all\u00e1 al identificar pares espec\u00edficos de puntos del cuerpo donde se localizan desequilibrios energ\u00e9ticos asociados a la presencia de microorganismos pat\u00f3genos.<\/p>\n\n\n\n<h2 class=\"wp-block-heading has-text-color has-link-color has-medium-font-size wp-elements-5451d0898690399f58af147a3727ca4d\" style=\"color:#5d7589\">\u00bfC\u00f3mo act\u00faa el Biomagnetismo?<\/h2>\n\n\n\n<p class=\"has-text-color has-link-color has-medium-font-size wp-elements-254fd6337cee6ee171a498cf0a068b2b\" style=\"color:#5d7589\">El principio fundamental del biomagnetismo es que <strong>el pH de los tejidos determina el estado de salud<\/strong>.<\/p>\n\n\n\n<ul class=\"wp-block-list\">\n<li class=\"has-text-color has-link-color has-medium-font-size wp-elements-d867cabb50efcf2a8eae2435e93027a4\" style=\"color:#5d7589\">Un pH equilibrado (ligeramente alcalino) permite que las c\u00e9lulas funcionen correctamente y evita el desarrollo de microorganismos da\u00f1inos.<\/li>\n\n\n\n<li class=\"has-text-color has-link-color has-medium-font-size wp-elements-47aa405a0b19058677a8752c009fd71d\" style=\"color:#5d7589\">Un pH alterado (m\u00e1s \u00e1cido o m\u00e1s alcalino) crea el ambiente ideal para que virus, bacterias, hongos y par\u00e1sitos se multipliquen y debiliten al organismo.<\/li>\n<\/ul>\n\n\n\n<p class=\"has-text-color has-link-color has-medium-font-size wp-elements-67cbec90e189e130c23b731caa3cd285\" style=\"color:#5d7589\">Cuando se aplican imanes en los Pares Biomagn\u00e9ticos:<\/p>\n\n\n\n<ul class=\"wp-block-list\">\n<li class=\"has-text-color has-link-color has-medium-font-size wp-elements-29a347b4c461b2a24f3b9e3d7fe5397f\" style=\"color:#5d7589\">Se interrumpe la comunicaci\u00f3n energ\u00e9tica entre virus y bacterias (biorresonancia magn\u00e9tica).<\/li>\n\n\n\n<li class=\"has-text-color has-link-color has-medium-font-size wp-elements-2e27e92978ffae5b91dff1304c3cc9ed\" style=\"color:#5d7589\">Se neutralizan los focos de acidez o alcalinidad excesiva.<\/li>\n\n\n\n<li class=\"has-text-color has-link-color has-medium-font-size wp-elements-183acad430c5269e7a36b7c990873fdb\" style=\"color:#5d7589\">Se restablece el equilibrio bioqu\u00edmico de los \u00f3rganos y tejidos.<\/li>\n\n\n\n<li class=\"has-text-color has-link-color has-medium-font-size wp-elements-20ff8f53eae2fa6676b629f058277838\" style=\"color:#5d7589\">Las c\u00e9lulas recuperan su estado saludable y el cuerpo inicia su proceso natural de curaci\u00f3n.<\/li>\n<\/ul>\n\n\n\n<h2 class=\"wp-block-heading has-text-color has-link-color has-medium-font-size wp-elements-7718cc5d5abb716e001056a90e1fa621\" style=\"color:#5d7589\">Beneficios principales<\/h2>\n\n\n\n<p class=\"has-text-color has-link-color has-medium-font-size wp-elements-e456c62ec3accf542d46f198393096a1\" style=\"color:#5d7589\">La terapia con pares biomagn\u00e9ticos puede ayudar a:<\/p>\n\n\n\n<ul class=\"wp-block-list\">\n<li class=\"has-text-color has-link-color has-medium-font-size wp-elements-21cba11e20f990321a5a48468a7a469d\" style=\"color:#5d7589\"><strong>Regular el sistema inmunol\u00f3gico<\/strong>, haci\u00e9ndolo m\u00e1s eficiente.<\/li>\n\n\n\n<li class=\"has-text-color has-link-color has-medium-font-size wp-elements-55db393522af2e8b99b75bad62f5297b\" style=\"color:#5d7589\"><strong>Mejorar la circulaci\u00f3n sangu\u00ednea<\/strong> y aumentar la oxigenaci\u00f3n de los tejidos.<\/li>\n\n\n\n<li class=\"has-text-color has-link-color has-medium-font-size wp-elements-4142e8f82f8abc3a72dc427ae6db5798\" style=\"color:#5d7589\"><strong>Reducir la inflamaci\u00f3n<\/strong> y favorecer la recuperaci\u00f3n de tejidos da\u00f1ados.<\/li>\n\n\n\n<li class=\"has-text-color has-link-color has-medium-font-size wp-elements-59b1978bfb558cb8637b505f563ff4ce\" style=\"color:#5d7589\"><strong>Normalizar el metabolismo<\/strong>, favoreciendo procesos de energ\u00eda y reparaci\u00f3n celular.<\/li>\n\n\n\n<li class=\"has-text-color has-link-color has-medium-font-size wp-elements-2bae47b48d0658e52a8dd1c97a4cdef2\" style=\"color:#5d7589\"><strong>Combatir microorganismos pat\u00f3genos<\/strong> (virus, bacterias, hongos y par\u00e1sitos) al restablecer un pH donde no pueden sobrevivir.<\/li>\n\n\n\n<li class=\"has-text-color has-link-color has-medium-font-size wp-elements-2c9d0eaed65223683655e8f9501ccba4\" style=\"color:#5d7589\">Prevenir desequilibrios antes de que se manifiesten en s\u00edntomas cl\u00ednicos.<\/li>\n<\/ul>\n\n\n\n<p><\/p>\n\n\n\n<h2 class=\"wp-block-heading has-text-color has-link-color has-medium-font-size wp-elements-79eb3c0bef63b308b314c5c332ba7465\" style=\"color:#5d7589\">Procedimiento de una sesi\u00f3n<\/h2>\n\n\n\n<ul class=\"wp-block-list\">\n<li class=\"has-text-color has-link-color has-medium-font-size wp-elements-69d224de212c497834289a05075b323e\" style=\"color:#5d7589\">El terapeuta identifica los pares biomagn\u00e9ticos desequilibrados mediante el <strong>test de respuesta muscular inteligente<\/strong>, observando un fen\u00f3meno espec\u00edfico en la pierna del paciente.<\/li>\n\n\n\n<li class=\"has-text-color has-link-color has-medium-font-size wp-elements-20406910e02c2eba43d127ee8a1e7617\" style=\"color:#5d7589\">Se colocan imanes en los pares detectados, con la polaridad adecuada.<\/li>\n\n\n\n<li class=\"has-text-color has-link-color has-medium-font-size wp-elements-7c918934f130e2e1688d45dd9b9daab5\" style=\"color:#5d7589\">El tiempo de aplicaci\u00f3n es de aproximadamente <strong>20 minutos<\/strong>.<\/li>\n\n\n\n<li class=\"has-text-color has-link-color has-medium-font-size wp-elements-afcfccb78307b85adf9c8d8be7c3757d\" style=\"color:#5d7589\">Se recomienda un m\u00ednimo de <strong>3 sesiones<\/strong> (separadas por una semana) para obtener resultados m\u00e1s estables.<\/li>\n<\/ul>\n\n\n\n<p class=\"has-text-color has-link-color has-medium-font-size wp-elements-440133e2e093e03ceb1a8ac1e1319d14\" style=\"color:#5d7589\">La terapia es <strong>no invasiva, indolora y segura<\/strong>, sin efectos secundarios ni iatrogenia.<\/p>\n\n\n\n<h2 class=\"wp-block-heading has-text-color has-link-color has-medium-font-size wp-elements-4c51829418cf929769f97c879d894278\" style=\"color:#5d7589\">Aplicaciones cl\u00ednicas<\/h2>\n\n\n\n<p class=\"has-text-color has-link-color has-medium-font-size wp-elements-64061bb22fc71adce412c3d55cddc7d9\" style=\"color:#5d7589\">El biomagnetismo ha mostrado beneficios en una amplia gama de trastornos:<\/p>\n\n\n\n<ul class=\"wp-block-list\">\n<li class=\"has-text-color has-link-color has-medium-font-size wp-elements-bb579d9c16f8055ba4c9cf1558d4a2a5\" style=\"color:#5d7589\">Enfermedades infecciosas virales y bacterianas.<\/li>\n\n\n\n<li class=\"has-text-color has-link-color has-medium-font-size wp-elements-3b137b54fb08cfb4e5148085aa60c685\" style=\"color:#5d7589\">Procesos inflamatorios cr\u00f3nicos (artritis, reumatismo, fibromialgia).<\/li>\n\n\n\n<li class=\"has-text-color has-link-color has-medium-font-size wp-elements-5c030a1fa5bb0b6c1adaf94af14c181a\" style=\"color:#5d7589\">Alteraciones metab\u00f3licas (diabetes, hipertensi\u00f3n).<\/li>\n\n\n\n<li class=\"has-text-color has-link-color has-medium-font-size wp-elements-0181334815e031bbee39e8c4da5754b0\" style=\"color:#5d7589\">Enfermedades degenerativas (esclerosis m\u00faltiple, Alzheimer, Parkinson).<\/li>\n\n\n\n<li class=\"has-text-color has-link-color has-medium-font-size wp-elements-953af5633192421d4b01e60b72221281\" style=\"color:#5d7589\">Trastornos autoinmunes (lupus, psoriasis).<\/li>\n\n\n\n<li class=\"has-text-color has-link-color has-medium-font-size wp-elements-459fa0aa822db03a6b9c51b64bd36a32\" style=\"color:#5d7589\">Desequilibrios digestivos, respiratorios, hep\u00e1ticos o renales.<\/li>\n\n\n\n<li class=\"has-text-color has-link-color has-medium-font-size wp-elements-b71763c3b60586b6150a7fa8a1563892\" style=\"color:#5d7589\">Prevenci\u00f3n y apoyo en casos de c\u00e1ncer y VIH\/SIDA.<\/li>\n<\/ul>\n\n\n\n<h2 class=\"wp-block-heading\"><\/h2>\n\n\n\n<p class=\"has-text-align-center has-text-color has-link-color has-medium-font-size wp-elements-6f20861c37555ecce1f53b2f77ac2c1d\" style=\"color:#5d7589\">El <strong>Biomagnetismo M\u00e9dico<\/strong> es una t\u00e9cnica innovadora que combina principios f\u00edsicos, energ\u00e9ticos y m\u00e9dicos, y que ha demostrado ser una herramienta \u00fatil tanto en la prevenci\u00f3n como en el tratamiento de m\u00faltiples enfermedades.<\/p>\n\n\n\n<p class=\"has-text-align-center has-text-color has-link-color has-medium-font-size wp-elements-9e177ce848041104e3dd59eee5b5b2ee\" style=\"color:#5d7589\">Su objetivo no es sustituir la medicina convencional, sino <strong>complementarla<\/strong> al favorecer que el propio organismo recupere el equilibrio que garantiza la salud.<\/p>\n\n\n\n<h2 class=\"wp-block-heading has-text-align-center\"><\/h2>\n\n\n\n<p class=\"has-text-align-center has-medium-font-size\">El mejor momento para cuidar tu salud es <strong>ahora<\/strong>.<br>El Biomagnetismo es una terapia segura, natural y complementaria que puede ayudarte a <strong>restablecer el equilibrio interno<\/strong>, aliviar s\u00edntomas y prevenir desequilibrios antes de que se manifiesten.<\/p>\n\n\n\n<p class=\"has-text-align-center has-medium-font-size\"><strong>Reserva tu sesi\u00f3n<\/strong> de Biomagnetismo y comienza hoy mismo tu camino hacia una mejor calidad de vida.<\/p>\n\n\n\n<p class=\"has-text-align-center has-text-color has-link-color has-medium-font-size wp-elements-26992e6dd9fb80e5f579091bf09636f8\" style=\"color:#5d7589\"><\/p>\n\n\n\n<p><\/p>\n","protected":false},"excerpt":{"rendered":"<p>Terapia con Imanes para el Equilibrio del Organismo El Biomagnetismo M\u00e9dico es una terapia complementaria desarrollada por el Dr. Isaac Goiz Dur\u00e1n en 1988, que consiste en la aplicaci\u00f3n de imanes de mediana intensidad sobre puntos espec\u00edficos del cuerpo llamados pares biomagn\u00e9ticos. Estos imanes, colocados con la polaridad adecuada (norte\/sur), ayudan a regular el pH&hellip; <br \/> <a class=\"read-more\" href=\"https:\/\/elizabeth-desiderio.ar\/?page_id=595\">Leer m\u00e1s<\/a><\/p>\n","protected":false},"author":1,"featured_media":0,"parent":0,"menu_order":0,"comment_status":"closed","ping_status":"closed","template":"","meta":{"om_disable_all_campaigns":false,"_monsterinsights_skip_tracking":false,"_monsterinsights_sitenote_active":false,"_monsterinsights_sitenote_note":"","_monsterinsights_sitenote_category":0,"footnotes":""},"class_list":["post-595","page","type-page","status-publish","hentry"],"aioseo_notices":[],"_links":{"self":[{"href":"https:\/\/elizabeth-desiderio.ar\/index.php?rest_route=\/wp\/v2\/pages\/595","targetHints":{"allow":["GET"]}}],"collection":[{"href":"https:\/\/elizabeth-desiderio.ar\/index.php?rest_route=\/wp\/v2\/pages"}],"about":[{"href":"https:\/\/elizabeth-desiderio.ar\/index.php?rest_route=\/wp\/v2\/types\/page"}],"author":[{"embeddable":true,"href":"https:\/\/elizabeth-desiderio.ar\/index.php?rest_route=\/wp\/v2\/users\/1"}],"replies":[{"embeddable":true,"href":"https:\/\/elizabeth-desiderio.ar\/index.php?rest_route=%2Fwp%2Fv2%2Fcomments&post=595"}],"version-history":[{"count":7,"href":"https:\/\/elizabeth-desiderio.ar\/index.php?rest_route=\/wp\/v2\/pages\/595\/revisions"}],"predecessor-version":[{"id":1442,"href":"https:\/\/elizabeth-desiderio.ar\/index.php?rest_route=\/wp\/v2\/pages\/595\/revisions\/1442"}],"wp:attachment":[{"href":"https:\/\/elizabeth-desiderio.ar\/index.php?rest_route=%2Fwp%2Fv2%2Fmedia&parent=595"}],"curies":[{"name":"wp","href":"https:\/\/api.w.org\/{rel}","templated":true}]}}