{"id":598,"date":"2020-12-28T21:30:47","date_gmt":"2020-12-28T21:30:47","guid":{"rendered":"https:\/\/elizabeth-desiderio.ar\/?page_id=598"},"modified":"2025-09-17T18:28:58","modified_gmt":"2025-09-17T18:28:58","slug":"terapia-de-hipnosis-regresiva-avanzada","status":"publish","type":"page","link":"https:\/\/elizabeth-desiderio.ar\/?page_id=598","title":{"rendered":"Hipnosis Regresiva Avanzada"},"content":{"rendered":"\n<p class=\"has-text-align-left has-text-color has-medium-font-size\" style=\"color:#5d7589\"><strong>Que es una Hipnosis Regresiva Avanzada <\/strong><\/p>\n\n\n\n<p class=\"has-text-align-left has-text-color has-medium-font-size\" style=\"color:#5d7589\">La <strong>Terapia Regresiva<\/strong> es un m\u00e9todo profundo y eficaz que permite acceder a recuerdos, emociones y experiencias ocultas en nuestro inconsciente. A trav\u00e9s de t\u00e9cnicas de <strong>relajaci\u00f3n profunda<\/strong> e <strong>hipnosis<\/strong>, se llega a un estado de consciencia expandida en el que es posible identificar y liberar traumas, miedos, fobias, sobrepeso de origen emocional y todo tipo de bloqueos que afectan nuestra vida cotidiana, tanto en el plano f\u00edsico como en el emocional.<\/p>\n\n\n\n<h3 class=\"wp-block-heading has-text-color has-link-color has-medium-font-size wp-elements-52a099e9ad15601cf3444899582c5066\" style=\"color:#5d7589\">\u00bfC\u00f3mo funciona la Terapia Regresiva?<\/h3>\n\n\n\n<p class=\"has-text-color has-link-color has-medium-font-size wp-elements-f64fa49343f8c0b8274bda40043e8286\" style=\"color:#5d7589\">El proceso consiste en guiar a la persona hacia un estado de calma interior que le permita conectar con memorias que permanec\u00edan reprimidas. Al revivirlas, se accede al origen del conflicto emocional, liberando la carga que qued\u00f3 \u201canclada\u201d en el cuerpo y en la mente.<\/p>\n\n\n\n<p class=\"has-text-color has-link-color has-medium-font-size wp-elements-2659add97efc946af49dd7fa13abe6d4\" style=\"color:#5d7589\">De esta manera:<\/p>\n\n\n\n<ul class=\"wp-block-list\">\n<li class=\"has-text-color has-link-color has-medium-font-size wp-elements-d546ec9ab479f0b81d399744b6e2cd2d\" style=\"color:#5d7589\">Se <strong>liberan emociones bloqueadas<\/strong> y reprimidas.<\/li>\n\n\n\n<li class=\"has-text-color has-link-color has-medium-font-size wp-elements-2a74c219b6885523351245d989ced622\" style=\"color:#5d7589\">Se <strong>enfrentan los miedos profundos<\/strong>, quit\u00e1ndoles poder.<\/li>\n\n\n\n<li class=\"has-text-color has-link-color has-medium-font-size wp-elements-a1ec7fd06e4ba88a79abd272b7b1030c\" style=\"color:#5d7589\">Se aprende a <strong>relativizar y perdonar<\/strong> experiencias pasadas.<\/li>\n\n\n\n<li class=\"has-text-color has-link-color has-medium-font-size wp-elements-7e5c160b3fbf467dce7fecb68703be38\" style=\"color:#5d7589\">Se <strong>sanen relaciones conflictivas<\/strong> y dependencias emocionales.<\/li>\n\n\n\n<li class=\"has-text-color has-link-color has-medium-font-size wp-elements-c3aca782789c814640b2e35fa21580d9\" style=\"color:#5d7589\">Se reducen el <strong>estr\u00e9s y la ansiedad<\/strong>.<\/li>\n\n\n\n<li class=\"has-text-color has-link-color has-medium-font-size wp-elements-a2ef186760ac4d621db443dc8ce1e209\" style=\"color:#5d7589\">Se abre un camino hacia una <strong>sanaci\u00f3n emocional, mental y f\u00edsica<\/strong>.<\/li>\n<\/ul>\n\n\n\n<h3 class=\"wp-block-heading has-text-color has-link-color has-medium-font-size wp-elements-afad1475957807db9f45b2afce306c7a\" style=\"color:#5d7589\">Beneficios de la Terapia Regresiva<\/h3>\n\n\n\n<ul class=\"wp-block-list\">\n<li class=\"has-text-color has-link-color has-medium-font-size wp-elements-4ece788f66481fd875f994c59db1a026\" style=\"color:#5d7589\">Recuperar el control de tu vida.<\/li>\n\n\n\n<li class=\"has-text-color has-link-color has-medium-font-size wp-elements-fd628ed628398d70d32fa2d309a6f8bf\" style=\"color:#5d7589\">Comprender patrones de conducta inconscientes.<\/li>\n\n\n\n<li class=\"has-text-color has-link-color has-medium-font-size wp-elements-cce78278dc9e9c5d3969c09918145e3b\" style=\"color:#5d7589\">Superar fobias, depresiones, angustia, culpas o bloqueos.<\/li>\n\n\n\n<li class=\"has-text-color has-link-color has-medium-font-size wp-elements-98b2e5224bb0f2341b88f7f46a4632c6\" style=\"color:#5d7589\">Liberar dolores sin causa aparente.<\/li>\n\n\n\n<li class=\"has-text-color has-link-color has-medium-font-size wp-elements-a824f042cc31aaa6a58f6e9a64d45bbb\" style=\"color:#5d7589\">Favorecer tu desarrollo personal y la evoluci\u00f3n de tu alma.<\/li>\n<\/ul>\n\n\n\n<h3 class=\"wp-block-heading has-text-color has-link-color has-medium-font-size wp-elements-c06c6ff0987afb4dcbdb33db93975f2b\" style=\"color:#5d7589\">Una mirada m\u00e1s profunda<\/h3>\n\n\n\n<p class=\"has-text-color has-link-color has-medium-font-size wp-elements-fa3774567f62eeb89f0b9319e735f8f0\" style=\"color:#5d7589\">La Terapia Regresiva no solo ayuda a resolver conflictos emocionales, tambi\u00e9n ofrece una comprensi\u00f3n m\u00e1s amplia de nuestra <strong>esencia m\u00e1s all\u00e1 de la personalidad<\/strong>. Permite conectar con la sabidur\u00eda interna, observar las experiencias de vida desde una perspectiva espiritual y sanar desde el n\u00facleo mismo de la problem\u00e1tica.<\/p>\n\n\n\n<p class=\"has-text-color has-link-color has-medium-font-size wp-elements-e21dfc56a6c2b816b3cae8c0eab73542\" style=\"color:#5d7589\">Al revivir memorias inconscientes \u2014de la infancia, del estado prenatal o incluso de existencias pasadas\u2014 se desactivan creencias limitantes y se generan nuevas formas de pensar, sentir y actuar que conducen a una vida m\u00e1s plena y aut\u00e9ntica.<\/p>\n\n\n\n<h3 class=\"wp-block-heading has-text-color has-link-color has-medium-font-size wp-elements-983696b00ee343c3d5f64637578799d3\" style=\"color:#5d7589\">Importante<\/h3>\n\n\n\n<p class=\"has-text-color has-link-color has-medium-font-size wp-elements-aec6d298e2667dde2a79a1df61f872a3\" style=\"color:#5d7589\">Esta terapia <strong>no est\u00e1 indicada para personas que est\u00e9n tomando psicof\u00e1rmacos<\/strong>.<\/p>\n\n\n\n<h3 class=\"wp-block-heading has-text-align-center has-text-color has-link-color has-medium-font-size wp-elements-8c72bdce23f355d1033a0caa2d67bdc5\" style=\"color:#5d7589\">Solicita tu sesi\u00f3n modalidad online \/ presencial<\/h3>\n\n\n\n<p class=\"has-text-align-center has-white-background-color has-text-color has-background has-medium-font-size\" style=\"color:#5d7589\">Cont\u00e1ctame por <strong>WhatsApp<\/strong> o redes sociales para reservar tu turno y comenzar tu proceso de transformaci\u00f3n.<\/p>\n\n\n\n<p><\/p>\n","protected":false},"excerpt":{"rendered":"<p>Que es una Hipnosis Regresiva Avanzada La Terapia Regresiva es un m\u00e9todo profundo y eficaz que permite acceder a recuerdos, emociones y experiencias ocultas en nuestro inconsciente. A trav\u00e9s de t\u00e9cnicas de relajaci\u00f3n profunda e hipnosis, se llega a un estado de consciencia expandida en el que es posible identificar y liberar traumas, miedos, fobias,&hellip; <br \/> <a class=\"read-more\" href=\"https:\/\/elizabeth-desiderio.ar\/?page_id=598\">Leer m\u00e1s<\/a><\/p>\n","protected":false},"author":1,"featured_media":0,"parent":0,"menu_order":0,"comment_status":"closed","ping_status":"closed","template":"","meta":{"om_disable_all_campaigns":false,"_monsterinsights_skip_tracking":false,"_monsterinsights_sitenote_active":false,"_monsterinsights_sitenote_note":"","_monsterinsights_sitenote_category":0,"footnotes":""},"class_list":["post-598","page","type-page","status-publish","hentry"],"aioseo_notices":[],"_links":{"self":[{"href":"https:\/\/elizabeth-desiderio.ar\/index.php?rest_route=\/wp\/v2\/pages\/598","targetHints":{"allow":["GET"]}}],"collection":[{"href":"https:\/\/elizabeth-desiderio.ar\/index.php?rest_route=\/wp\/v2\/pages"}],"about":[{"href":"https:\/\/elizabeth-desiderio.ar\/index.php?rest_route=\/wp\/v2\/types\/page"}],"author":[{"embeddable":true,"href":"https:\/\/elizabeth-desiderio.ar\/index.php?rest_route=\/wp\/v2\/users\/1"}],"replies":[{"embeddable":true,"href":"https:\/\/elizabeth-desiderio.ar\/index.php?rest_route=%2Fwp%2Fv2%2Fcomments&post=598"}],"version-history":[{"count":9,"href":"https:\/\/elizabeth-desiderio.ar\/index.php?rest_route=\/wp\/v2\/pages\/598\/revisions"}],"predecessor-version":[{"id":1447,"href":"https:\/\/elizabeth-desiderio.ar\/index.php?rest_route=\/wp\/v2\/pages\/598\/revisions\/1447"}],"wp:attachment":[{"href":"https:\/\/elizabeth-desiderio.ar\/index.php?rest_route=%2Fwp%2Fv2%2Fmedia&parent=598"}],"curies":[{"name":"wp","href":"https:\/\/api.w.org\/{rel}","templated":true}]}}