{"id":807,"date":"2021-01-26T18:44:36","date_gmt":"2021-01-26T18:44:36","guid":{"rendered":"https:\/\/elizabeth-desiderio.ar\/?page_id=807"},"modified":"2025-09-17T13:39:20","modified_gmt":"2025-09-17T13:39:20","slug":"desintoxicacion-ionica-a-traves-de-los-pies","status":"publish","type":"page","link":"https:\/\/elizabeth-desiderio.ar\/?page_id=807","title":{"rendered":"Desintoxicaci\u00f3n I\u00f3nica a trav\u00e9s de   los pies"},"content":{"rendered":"\n<div class=\"wp-block-image\"><figure class=\"aligncenter is-resized\"><img loading=\"lazy\" decoding=\"async\" src=\"https:\/\/image.jimcdn.com\/app\/cms\/image\/transf\/dimension=640x10000:format=jpg\/path\/scba37cc5d6c386f9\/image\/i3e7687ef5ef999fb\/version\/1495644628\/desintoxicaci%C3%B3n-i%C3%B3nica-a-trav%C3%A9s-de-los-pies.jpg\" alt=\"Desintoxicaci\u00f3n I\u00f3nica a trav\u00e9s de los pies\" width=\"443\" height=\"295\"\/><\/figure><\/div>\n\n\n\n<p class=\"has-black-color has-text-color has-medium-font-size\">La Desintoxicaci\u00f3n I\u00f3nica a trav\u00e9s de los pies, se trata de un ba\u00f1o de pies que en unos cuantos minutos depura, balancea y realza la bio-energ\u00eda del cuerpo en general con la ayuda de un sistema de alta tecnolog\u00eda que promueve la desintoxicaci\u00f3n general del cuerpo tan s\u00f3lo sumergiendo los pies&nbsp;en agua natural. Se estima que m\u00e1s del 95% de las personas en nuestra sociedad moderna, experimenta un desequilibrio qu\u00edmico en el cuerpo que provoca un exceso de iones de hidr\u00f3geno, y su pH en la sangre es inferior al \u00f3ptimo. Estas personas se pueden beneficiar enormemente de la exposici\u00f3n a altas concentraciones de iones con carga negativa para desintoxicar su organismo y purificar su sangre.<\/p>\n\n\n\n<p class=\"has-text-align-left has-black-color has-text-color has-medium-font-size\">&nbsp; &nbsp;La Desintoxicaci\u00f3n I\u00f3nica es de uso f\u00e1cil y no requiere ning\u00fan entrenamiento especial para realizarse. La bio-energ\u00eda&nbsp;es la fuerza electromagn\u00e9tica que se almacena dentro del cuerpo y es utilizada por nuestras c\u00e9lulas. La medicina china refiere a esta energ\u00eda como el \u00abchi\u00bb. Mientras se lleva a cabo este tratamiento, aumenta la energ\u00eda (f\u00edsica y mental) al mismo tiempo que se desintoxica el cuerpo de productos qu\u00edmicos, de radiaci\u00f3n, de contaminaci\u00f3n y de otros materiales extra\u00f1os que bloquean el proceso natural de desintoxicaci\u00f3n, evitando la retenci\u00f3n de l\u00edquidos, produciendo un pH m\u00e1s equilibrado, un sistema inmune m\u00e1s fuerte y reducci\u00f3n significativa del dolor, incluyendo los de cabeza.<\/p>\n\n\n\n<p class=\"has-black-color has-text-color has-medium-font-size\">En t\u00e9rminos simples, la desintoxicaci\u00f3n i\u00f3nica mejora la microcirculaci\u00f3n proporcionando un equilibrio en su cuerpo, interviene en la regulaci\u00f3n de fuente de ox\u00edgeno y de nutrientes a los tejidos, as\u00ed como la eliminaci\u00f3n apropiada de los residuos (toxinas) fuera del cuerpo. Sus principales beneficios son:<\/p>\n\n\n\n<ul class=\"has-black-color has-text-color wp-block-list\"><li>Purifica la sangre<\/li><li>Favorece la oxigenaci\u00f3n<\/li><li>Aumenta la absorci\u00f3n de las sustancias nutritivas<\/li><li>Elimina el exceso de \u00e1cido \u00farico, l\u00e1ctico, etc.<\/li><li>Drena el sistema linf\u00e1tico facilitando la circulaci\u00f3n de sangre<\/li><li>Mejora la capacidad de eliminar toxinas y productos de desecho causantes de problemas de salud<\/li><li>Eliminar metales pesados<\/li><li>Reduce&nbsp;el dolor causado por inflamaciones y reumatismos<\/li><li>Refuerza el sistema inmunol\u00f3gico<\/li><li>Acelera el proceso metab\u00f3lico<\/li><li>Aumenta el vigor de las c\u00e9lulas<\/li><li>Mejora la calidad del sue\u00f1o<\/li><li>Controla la celulitis<\/li><li>Reduce el acn\u00e9<\/li><li>Regula desordenes hormonales<\/li><li>Auxiliar para tratamientos de manchas e hiperpigmentaciones.<\/li><li>Post quir\u00fargico<\/li><li>Reductivos y reafirmantes<\/li><li>Involuci\u00f3n cut\u00e1nea<\/li><li>Inactivar los virus , bacterias, levaduras y hongos<\/li><li>Aliviar el dolor y la tensi\u00f3n incluyendo dolores de cabeza<\/li><li>Purifica los ganglios linf\u00e1ticos<\/li><li>Estimula y equilibra el sistema inmunitario<\/li><li>Reduce la inflamaci\u00f3n y la retenci\u00f3n de l\u00edquidos no deseados<\/li><li>Ayudar a aclarar la piel<\/li><li>Ayudar en la p\u00e9rdida de peso<\/li><li>Ralentiza el envejecimiento y mejorar la flexibilidad corporal<\/li><li>Acelerar el tiempo de recuperaci\u00f3n por enfermedad o lesi\u00f3n<\/li><li>Aumentar el ox\u00edgeno en el cuerpo<\/li><li>Dar energ\u00eda a todo el cuerpo<\/li><li>Ayuda a combatir las adicciones al&nbsp;tabaquismo,&nbsp;drogas y\/o alcohol eliminando las toxinas<\/li><\/ul>\n\n\n\n<p class=\"has-black-color has-text-color has-medium-font-size\">&nbsp; &nbsp;Esta es la terapia complementaria perfecta en el tratamiento de las adicciones, la diabetes, la dislipidemia, la artritis, la gota, el acn\u00e9, la insuficiencia renal, entre muchos otros. El dispositivo funciona a nivel electrol\u00edtico, llevando a cabo un proceso llamado ruptura o \u201cionizaci\u00f3n\u201d mediante el cual las mol\u00e9culas de agua que se encuentran en la tina donde se colocan los pies, son separadas por miles de iones. Estos iones creados generan una reacci\u00f3n qu\u00edmica vigorosa entre aniones y cationes. Adem\u00e1s de lograr la eliminaci\u00f3n de una gran cantidad de toxinas del cuerpo, este tratamiento le dar\u00e1 al cuerpo una gran cantidad de iones negativos, ayudando a restablecer un ambiente con pH alcalino en el cuerpo.<\/p>\n\n\n\n<p class=\"has-black-color has-text-color has-medium-font-size\">&nbsp; &nbsp;El&nbsp;desintoxicador i\u00f3nico&nbsp;estimula bio-energ\u00e9ticamente el cuerpo para facilitar su auto-desintoxicaci\u00f3n, potenciar el correcto funcionamiento de los \u00f3rganos y reequilibrar sus campos energ\u00e9ticos, las personas que toman estos \u00abba\u00f1os de pies\u00bb, mejoran su nutrici\u00f3n, se desintoxican y optimizan sus funciones biol\u00f3gicas. El tratamiento funciona muy bien para piernas cansadas, edemas y v\u00e1rices.<\/p>\n\n\n\n<p class=\"has-black-color has-text-color has-medium-font-size\">&nbsp; &nbsp;El proceso qu\u00edmico del desintoxicador i\u00f3nico&nbsp;tambi\u00e9n quita el dolor en \u00f3rganos del cuerpo, promueve el metabolismo y la circulaci\u00f3n, y aumenta el vigor de las c\u00e9lulas. La idea es que el cuerpo pueda curarse a s\u00ed mismo. \u00bfC\u00f3mo ocurren estas mejoras? La clave estar\u00eda en comprender el proceso electrol\u00edtico, que es el que permite que la energ\u00eda el\u00e9ctrica se transforme en energ\u00eda qu\u00edmica dentro de una soluci\u00f3n acuosa o electrolito que es el agua con sal disuelta. En la sesi\u00f3n las personas sentir\u00edan que aumenta su energ\u00eda f\u00edsica y mental por estas cargas negativas que estimulan y mejoran la bio-energ\u00eda y logran el objetivo de depuraci\u00f3n. Al mismo tiempo van liber\u00e1ndose de residuos de productos qu\u00edmicos, radiaci\u00f3n, contaminaci\u00f3n. Por otra parte, evitan la retenci\u00f3n de l\u00edquidos, produciendo un pH m\u00e1s equilibrado y un sistema inmune m\u00e1s fuerte.<\/p>\n\n\n\n<h2 class=\"wp-block-heading\" id=\"cc-m-header-7276638211\">\u00bfC\u00f3mo funciona?<\/h2>\n\n\n\n<p class=\"has-black-color has-text-color has-medium-font-size\">&nbsp; &nbsp;Los tratamientos&nbsp;de desintoxicaci\u00f3n i\u00f3nica son una terapia muy efectiva, con mucho auge en la actualidad, basada en la investigaci\u00f3n del cient\u00edfico Dr. Royal Rife. El tratamiento se da poniendo los pies en agua natural, en la cual un \u00abIonizador\u00bb ser\u00e1 activado. Los pies tienen un n\u00famero enorme de poros (aproximadamente 2000 en cada pie) por lo que son un \u00e1rea de tratamiento eficiente y conveniente a la vez. Tan pronto como se enciende la emisi\u00f3n del aparato, se forman burbujas alrededor del electrodo indicando que est\u00e1 ocurriendo una reacci\u00f3n electrol\u00edtica.<\/p>\n\n\n\n<p class=\"has-black-color has-text-color has-medium-font-size\">&nbsp; &nbsp;Cuando se sumergen los pies en el agua pueden aparecer hasta 10 colores y residuos. Esto se debe a una reacci\u00f3n entre el agua y sus part\u00edculas, donde intervienen la sal, la acidez o alcalinidad de la persona y las toxinas que se van botando. Eso s\u00ed, estos cambios tambi\u00e9n son propios del agua sometida a este proceso de electr\u00f3lisis. Por ejemplo, si el agua se vuelve negra ser\u00eda porque el h\u00edgado se est\u00e1 desintoxicando, si adem\u00e1s tiene part\u00edculas caf\u00e9, es porque hay presencia de deshechos celulares, tabaco y alcohol. El color naranja se refiere a la limpieza de las articulaciones y si hay espuma blanca es por desintoxicaci\u00f3n del sistema linf\u00e1tico, etc.<\/p>\n\n\n\n<div class=\"wp-block-image\"><figure class=\"aligncenter\"><img decoding=\"async\" src=\"https:\/\/image.jimcdn.com\/app\/cms\/image\/transf\/none\/path\/scba37cc5d6c386f9\/image\/i57242fa68ec14ad6\/version\/1495652496\/sesi%C3%B3n-de-30-minutos-de-desintoxicaci%C3%B3n-i%C3%B3nica-a-trav%C3%A9s-de-los-pies.jpg\" alt=\"Sesi\u00f3n de 30 minutos de desintoxicaci\u00f3n i\u00f3nica a trav\u00e9s de los pies\"\/><figcaption>Sesi\u00f3n de 30 minutos de desintoxicaci\u00f3n i\u00f3nica a trav\u00e9s de los pies<\/figcaption><\/figure><\/div>\n\n\n\n<h2 class=\"wp-block-heading\" id=\"cc-m-header-7276639311\">Objetos y colores en el agua.<\/h2>\n\n\n\n<p class=\"has-black-color has-text-color has-medium-font-size\">&nbsp; &nbsp;Durante la terapia de desintoxicaci\u00f3n i\u00f3nica, aparecen en el agua diferentes colores y residuos. Esto se debe a una reacci\u00f3n entre el agua y sus part\u00edculas dependiendo de cada lugar, la sal que se a\u00f1ade, la acidez o alcalinidad de la persona y las part\u00edculas y toxinas que durante la sesi\u00f3n son eliminadas. El color b\u00e1sico variar\u00e1 de cada lugar geogr\u00e1fico y la calidad del agua utilizada.<\/p>\n\n\n\n<p class=\"has-black-color has-text-color has-medium-font-size\">&nbsp; Es muy importante hacer menci\u00f3n que los cambios en el agua siempre suceder\u00e1n a\u00fan y cuando no exista ning\u00fan contacto con el agua, es decir, con pies o manos fuera de ella debido a los cambios propios del agua, sin embargo, la gran mayor\u00eda de las part\u00edculas y objetos que podemos observar y que se adhieren tanto a la tina como a los pies mismos, as\u00ed como los diversos colores presentes fuera del color base, son debidas a las diversas reacciones producidas por las toxinas expelidas durante la sesi\u00f3n.<\/p>\n\n\n\n<div class=\"wp-block-image\"><figure class=\"aligncenter\"><img decoding=\"async\" src=\"https:\/\/image.jimcdn.com\/app\/cms\/image\/transf\/none\/path\/scba37cc5d6c386f9\/image\/i79caf5b6ef87ef61\/version\/1495648003\/tabla-de-diagn%C3%B3stico-de-desintoxicaci%C3%B3n-i%C3%B3nica-a-trav%C3%A9s-de-los-pies.gif\" alt=\"Tabla de diagn\u00f3stico de desintoxicaci\u00f3n i\u00f3nica a trav\u00e9s de los pies\"\/><figcaption>Tabla de diagn\u00f3stico de desintoxicaci\u00f3n i\u00f3nica a trav\u00e9s de los pies<\/figcaption><\/figure><\/div>\n\n\n\n<h2 class=\"wp-block-heading\" id=\"cc-m-header-7276641311\">\u00bfC\u00f3mo se comprueba la eficiencia de la desintoxicaci\u00f3n i\u00f3nica?<\/h2>\n\n\n\n<div class=\"wp-block-image\"><figure class=\"aligncenter\"><img decoding=\"async\" src=\"https:\/\/image.jimcdn.com\/app\/cms\/image\/transf\/none\/path\/scba37cc5d6c386f9\/image\/iee7c3921df5ba606\/version\/1538515958\/escala-de-alcalinidad-del-agua-ph.png\" alt=\"Escala de alcalinidad del agua pH\"\/><figcaption>Escala de pH<\/figcaption><\/figure><\/div>\n\n\n\n<p class=\"has-black-color has-text-color has-medium-font-size\">Primero conozcamos la escala de pH del agua, donde en una&nbsp;rango establecido&nbsp;del&nbsp;0 al 14&nbsp;se puede medir la acidez o alcalinidad de agua y en donde el nivel 7 de pH es el neutral correspondiendo al agua pura o natural.<\/p>\n\n\n\n<div class=\"wp-block-image\"><figure class=\"aligncenter\"><img decoding=\"async\" src=\"https:\/\/image.jimcdn.com\/app\/cms\/image\/transf\/dimension=396x1024:format=jpg\/path\/scba37cc5d6c386f9\/image\/ibecb5d5057692269\/version\/1538515653\/terapia-de-desintoxicaci%C3%B3n-i%C3%B3nica-por-electr%C3%B3lisis.jpg\" alt=\"terapia de desintoxicaci\u00f3n i\u00f3nica por electr\u00f3lisis\"\/><figcaption>Inicio = 466 mV y pH 7.2<\/figcaption><\/figure><\/div>\n\n\n\n<p class=\"has-black-color has-text-color has-medium-font-size\">Antes que inicie la terapia de desintoxicaci\u00f3n i\u00f3nica el agua tiene una carga positiva de 466 mV (millivolts) y un nivel de pH de 7.2<\/p>\n\n\n\n<div class=\"wp-block-image\"><figure class=\"aligncenter\"><img decoding=\"async\" src=\"https:\/\/image.jimcdn.com\/app\/cms\/image\/transf\/dimension=396x1024:format=jpg\/path\/scba37cc5d6c386f9\/image\/i4f67fabb77535e62\/version\/1538515661\/terapia-de-desintoxicaci%C3%B3n-i%C3%B3nica-por-electr%C3%B3lisis-a-los-10-minutos.jpg\" alt=\"terapia de desintoxicaci\u00f3n i\u00f3nica por electr\u00f3lisis a los 10 minutos\"\/><figcaption>10 min. = 156 mV y pH 8.3<\/figcaption><\/figure><\/div>\n\n\n\n<p class=\"has-black-color has-text-color has-medium-font-size\">Despu\u00e9s de 10 mins de ionizaci\u00f3n, la carga positiva ha disminuido a 156 mV y el nivel del pH se ha incrementado a 8.3. En otras palabras el proceso est\u00e1 rompiendo las mol\u00e9culas cargadas positivamente en negativas, por lo que se produce la \u201csuciedad\u201d presente en el agua.<\/p>\n\n\n\n<div class=\"wp-block-image\"><figure class=\"aligncenter\"><img decoding=\"async\" src=\"https:\/\/image.jimcdn.com\/app\/cms\/image\/transf\/dimension=396x1024:format=jpg\/path\/scba37cc5d6c386f9\/image\/idb9c20863c176310\/version\/1538515668\/terapia-de-desintoxicaci%C3%B3n-i%C3%B3nica-por-electr%C3%B3lisis-a-los-20-minutos.jpg\" alt=\"terapia de desintoxicaci\u00f3n i\u00f3nica por electr\u00f3lisis a los 20 minutos\"\/><figcaption>20 min. = -231 mV y pH 9.9<\/figcaption><\/figure><\/div>\n\n\n\n<p class=\"has-black-color has-text-color has-medium-font-size\">A los 20 min. la corriente ahora ha cambiado a una carga negativa de -231&nbsp;mV y el nivel de pH se ha incrementado a 9.9&nbsp;<\/p>\n\n\n\n<div class=\"wp-block-image\"><figure class=\"aligncenter\"><img decoding=\"async\" src=\"https:\/\/image.jimcdn.com\/app\/cms\/image\/transf\/dimension=396x1024:format=jpg\/path\/scba37cc5d6c386f9\/image\/ide91c063d1a6eea2\/version\/1538515686\/final-de-la-terapia-de-desintoxicaci%C3%B3n-i%C3%B3nica-por-electr%C3%B3lisis.jpg\" alt=\"Final de la terapia de desintoxicaci\u00f3n i\u00f3nica por electr\u00f3lisis \"\/><figcaption>30 min. = -426 mV y pH 10.4<\/figcaption><\/figure><\/div>\n\n\n\n<p class=\"has-black-color has-text-color has-medium-font-size\">Cuando llega a 30 mins. finalmente la carga ha llegado a -426&nbsp;mV y el pH&nbsp;ahora es de&nbsp;10.4, es decir, ahora es altamente alcalino.<\/p>\n\n\n\n<p class=\"has-black-color has-text-color has-medium-font-size\">&nbsp; &nbsp;\u00a1En otras palabras el desintoxicador i\u00f3nico est\u00e1 cargando el cuerpo de cargas negativas que estimulan y mejoran la Bio-energ\u00eda y logran el objetivo de depuraci\u00f3n!<\/p>\n\n\n\n<p class=\"has-black-color has-text-color has-medium-font-size\">&nbsp; &nbsp;En t\u00e9rminos de la Bio-Electricidad, las c\u00e9lulas de un organismo humano sano tienen un potencial negativo entre de 70-90 mV.. Dentro de este rango la absorci\u00f3n alimenticia y la eliminaci\u00f3n de las toxinas son eficientes. El potencial negativo de una c\u00e9lula tensionada o da\u00f1ada, por otra parte, puede medir tan poco como 10-20 mV, por lo que la absorci\u00f3n de nutrientes y la eliminaci\u00f3n subsecuente es muy pobre. Tal condici\u00f3n puede ocurrir repentinamente como resultado de un accidente, o puede desarrollar m\u00e1s lentamente como consecuencia de la acumulaci\u00f3n progresiva de iones positivos debido a los efectos de dietas modernas, de formas de vida tensionadas y del impacto de un ambiente t\u00f3xico.<\/p>\n\n\n\n<p class=\"has-black-color has-text-color has-medium-font-size\">&nbsp; &nbsp;El principio de funcionamiento de&nbsp;la desintoxicaci\u00f3n i\u00f3nica a trav\u00e9s de los pies es justamente restablecer el potencial de la membrana celular, favoreciendo la eliminaci\u00f3n de sustancias t\u00f3xicas de nuestro esquema celular.<\/p>\n\n\n\n<p class=\"has-black-color has-text-color has-medium-font-size\">\u00a0 \u00a0Es importante tener en cuenta que el Detox no busca curar ning\u00fan tipo de enfermedad o lesi\u00f3n, sino que ayuda a la depuraci\u00f3n cuando hay exceso de sedentarismo, problemas renales, estr\u00e9s, mala alimentaci\u00f3n, falta de ingesta de frutas y verduras frescas\u00a0pero si\u00a0demasiados alimentos procesados.<\/p>\n\n\n\n<p class=\"has-black-color has-text-color has-medium-font-size\">Cont\u00e1ctame por WhatsApp o los redes sociales, solicita tu turno para sesi\u00f3n online o Presencial<\/p>\n","protected":false},"excerpt":{"rendered":"<p>La Desintoxicaci\u00f3n I\u00f3nica a trav\u00e9s de los pies, se trata de un ba\u00f1o de pies que en unos cuantos minutos depura, balancea y realza la bio-energ\u00eda del cuerpo en general con la ayuda de un sistema de alta tecnolog\u00eda que promueve la desintoxicaci\u00f3n general del cuerpo tan s\u00f3lo sumergiendo los pies&nbsp;en agua natural. Se estima&hellip; <br \/> <a class=\"read-more\" href=\"https:\/\/elizabeth-desiderio.ar\/?page_id=807\">Leer m\u00e1s<\/a><\/p>\n","protected":false},"author":1,"featured_media":0,"parent":0,"menu_order":0,"comment_status":"closed","ping_status":"closed","template":"","meta":{"om_disable_all_campaigns":false,"_monsterinsights_skip_tracking":false,"_monsterinsights_sitenote_active":false,"_monsterinsights_sitenote_note":"","_monsterinsights_sitenote_category":0,"footnotes":""},"class_list":["post-807","page","type-page","status-publish","hentry"],"aioseo_notices":[],"_links":{"self":[{"href":"https:\/\/elizabeth-desiderio.ar\/index.php?rest_route=\/wp\/v2\/pages\/807","targetHints":{"allow":["GET"]}}],"collection":[{"href":"https:\/\/elizabeth-desiderio.ar\/index.php?rest_route=\/wp\/v2\/pages"}],"about":[{"href":"https:\/\/elizabeth-desiderio.ar\/index.php?rest_route=\/wp\/v2\/types\/page"}],"author":[{"embeddable":true,"href":"https:\/\/elizabeth-desiderio.ar\/index.php?rest_route=\/wp\/v2\/users\/1"}],"replies":[{"embeddable":true,"href":"https:\/\/elizabeth-desiderio.ar\/index.php?rest_route=%2Fwp%2Fv2%2Fcomments&post=807"}],"version-history":[{"count":4,"href":"https:\/\/elizabeth-desiderio.ar\/index.php?rest_route=\/wp\/v2\/pages\/807\/revisions"}],"predecessor-version":[{"id":826,"href":"https:\/\/elizabeth-desiderio.ar\/index.php?rest_route=\/wp\/v2\/pages\/807\/revisions\/826"}],"wp:attachment":[{"href":"https:\/\/elizabeth-desiderio.ar\/index.php?rest_route=%2Fwp%2Fv2%2Fmedia&parent=807"}],"curies":[{"name":"wp","href":"https:\/\/api.w.org\/{rel}","templated":true}]}}