{"id":949,"date":"2021-03-22T00:35:59","date_gmt":"2021-03-22T00:35:59","guid":{"rendered":"https:\/\/elizabeth-desiderio.ar\/?page_id=949"},"modified":"2025-09-17T13:43:48","modified_gmt":"2025-09-17T13:43:48","slug":"sanacion-del-linaje-materno-rito-del-utero-munay-ky","status":"publish","type":"page","link":"https:\/\/elizabeth-desiderio.ar\/?page_id=949","title":{"rendered":"Rito del \u00datero-Munay Ky y Sanaci\u00f3n del Linaje Materno"},"content":{"rendered":"\n<p class=\"has-text-color has-medium-font-size\" style=\"color:#5d7589\"><\/p>\n\n\n\n<div class=\"wp-block-image\"><figure class=\"aligncenter size-large\"><img loading=\"lazy\" decoding=\"async\" width=\"547\" height=\"342\" src=\"https:\/\/elizabeth-desiderio.ar\/wp-content\/uploads\/2021\/03\/image-3.png\" alt=\"\" class=\"wp-image-951\" srcset=\"https:\/\/elizabeth-desiderio.ar\/wp-content\/uploads\/2021\/03\/image-3.png 547w, https:\/\/elizabeth-desiderio.ar\/wp-content\/uploads\/2021\/03\/image-3-300x188.png 300w\" sizes=\"auto, (max-width: 547px) 100vw, 547px\" \/><\/figure><\/div>\n\n\n\n<p class=\"has-text-align-center has-text-color has-medium-font-size\" style=\"color:#5d7589\"><strong>El rito del \u00fatero<\/strong>&nbsp;es una&nbsp;<strong>Iniciaci\u00f3n Cham\u00e1nica Sagrada<\/strong>&nbsp;que ha sido puesta al servicio de la vida para que cada mujer en la Tierra pueda liberarse del control y recuperar su poder de Mujer. La&nbsp;<strong>mujer consciente<\/strong>&nbsp;aprende a&nbsp; vivir desde su naturaleza y amar la vida desde la verdad que va creando con su \u00datero unida al Coraz\u00f3n.<br>Es una Ceremonia de&nbsp;<strong>Sanaci\u00f3n Ancestral femenina<\/strong>, una iniciaci\u00f3n recibida por Marcela Lobos a trav\u00e9s de un&nbsp;<strong>linaje de mujeres medicina<\/strong>&nbsp;de la selva y transmitido a nosotras a trav\u00e9s de un hermoso&nbsp;<strong>ritual para el \u00fatero<\/strong>. Con este ritual&nbsp; se le informa a nuestro Ser y a nuestro cuerpo, que&nbsp;nuestro \u00fatero no es un lugar para guardar miedo o dolor; el \u00fatero es para crear y dar luz a la vida.<\/p>\n\n\n\n<p class=\"has-text-color has-medium-font-size\" style=\"color:#5d7589\">El 13\u00ba Rito del \u00datero es una iniciaci\u00f3n recibida de un linaje de&nbsp;<strong>Mujeres Shipibo Medicina de la selva (Amazonia Peruana)<\/strong>&nbsp;y transmitido a nosotras a trav\u00e9s de un hermoso ritual donde se le informa a nuestro Ser y a nuestro Cuerpo, que&nbsp;<strong>nuestro \u00fatero no es un lugar para guardar miedo o dolor, sino un lugar para crear y dar luz a la Vida.<\/strong><\/p>\n\n\n\n<p class=\"has-text-color has-medium-font-size\" style=\"color:#5d7589\">Estas mujeres, en su conexi\u00f3n profunda con la Madre Tierra han podido liberarse del sufrimiento y las heridas ancestrales de miedo, dolor, opresi\u00f3n y abusos generados por los desbalances que todav\u00eda persisten en el planeta entre las energ\u00edas de la creaci\u00f3n tanto femeninas como masculinas.<\/p>\n\n\n\n<p class=\"has-text-color has-medium-font-size\" style=\"color:#5d7589\">En 2014 le fue entregado a Marcela Lobos el Rito del \u00datero (13o rito del Munay-Ki,) para que lo compartiera con todas las mujeres que sintieran el llamado y as\u00ed traer sanaci\u00f3n a la vida en la Tierra y a la sanaci\u00f3n del linaje femenino.<\/p>\n\n\n\n<p class=\"has-text-color has-medium-font-size\" style=\"color:#5d7589\"><strong>Una vez que recibes el 13\u00ba Rito del \u00datero recuerdas tu Esencia como \u201cGuardiana del \u00datero y de la Vida\u201d&nbsp;y empiezas a ser consciente en tu interior de las semillas de tu propia liberaci\u00f3n y puedes iniciar a todas las personas que as\u00ed lo sienten. Porta los c\u00f3digos energ\u00e9ticos que te pueden ayudar a re-conectar con tu Energ\u00eda Femenina de forma equilibrada y con la Madre Tierra.<\/strong><\/p>\n\n\n\n<figure class=\"wp-block-embed is-type-video is-provider-youtube wp-block-embed-youtube wp-embed-aspect-4-3 wp-has-aspect-ratio\"><div class=\"wp-block-embed__wrapper\">\n<div class='embed-container'><iframe loading=\"lazy\" title=\"Oracion de las Mujeres Guardianas de la Tierra.\" width=\"1440\" height=\"1080\" src=\"https:\/\/www.youtube.com\/embed\/rSwRVPyF_3w?feature=oembed\" frameborder=\"0\" allow=\"accelerometer; autoplay; clipboard-write; encrypted-media; gyroscope; picture-in-picture\" allowfullscreen><\/iframe><\/div>\n<\/div><\/figure>\n\n\n\n<p><\/p>\n\n\n\n<p class=\"has-text-color has-medium-font-size\" style=\"color:#5d7589\">El 13\u00ba Rito del \u00datero&nbsp;<strong>reconecta con la sabidur\u00eda ancestral de origen Lemuriano para ayudarnos a abrirnos a una sanaci\u00f3n profunda con nuestro linaje femenino.<\/strong><\/p>\n\n\n\n<p class=\"has-text-color has-medium-font-size\" style=\"color:#5d7589\">Este rito pertenece a la serie de iniciaciones cham\u00e1nicas conocidas como \u201cMunay-Ki\u201d y fue revelado al mundo recientemente, como un precioso regalo para el proceso de integraci\u00f3n que est\u00e1 atravesando nuestro planeta.<\/p>\n\n\n\n<p class=\"has-text-color has-medium-font-size\" style=\"color:#5d7589\"><strong>Se llama Rito 13 del Munay-Ki porque este es el rito de lo femenino que est\u00e1 \u00edntimamente conectado con los trece ciclos de la Luna en un a\u00f1o solar.<\/strong><\/p>\n\n\n\n<p class=\"has-text-color has-medium-font-size\" style=\"color:#5d7589\">Este rito de la Matriz es entregado a trav\u00e9s de transmisi\u00f3n o iniciaci\u00f3n energ\u00e9tica en forma de \u201csemilla\u201d (imposici\u00f3n de manos en la zona del vientre\/ centro creativo\/2o chackra) y los beneficios se perciben inmediatamente a nivel f\u00edsico, mental y emocional.<br>Es una verdadera bendici\u00f3n, una experiencia transformadora que consiste en sintonizar con el Sagrado Femenino en cada Ser.<\/p>\n\n\n\n<h2 class=\"has-text-align-center wp-block-heading\">&nbsp;<img loading=\"lazy\" decoding=\"async\" src=\"https:\/\/eltododelaesencia.files.wordpress.com\/2017\/12\/026d98cf6b-e1513782064924.jpg?w=223&amp;h=220\" alt=\"026d98cf6b\" width=\"223\" height=\"220\" srcset=\"https:\/\/eltododelaesencia.files.wordpress.com\/2017\/12\/026d98cf6b-e1513782064924.jpg?w=223&amp;h=220 223w, https:\/\/eltododelaesencia.files.wordpress.com\/2017\/12\/026d98cf6b-e1513782064924.jpg?w=150&amp;h=148 150w, https:\/\/eltododelaesencia.files.wordpress.com\/2017\/12\/026d98cf6b-e1513782064924.jpg 288w\"><\/h2>\n\n\n\n<p class=\"has-text-color has-medium-font-size\" style=\"color:#5d7589\"><strong>&nbsp;BENEFICIOS DEL RITO DEL \u00daTERO (segundo chacra)<\/strong><\/p>\n\n\n\n<p class=\"has-text-color has-medium-font-size\" style=\"color:#5d7589\">* Sana tu Linaje Ancestral Femenino de pasado y futuro (7 GENERACIONES). Se integran c\u00f3digos de luz del sagrado femenino y de la matriz energ\u00e9tica (libera angustias, miedos, temores y rencores que se traen desde el inconsciente al consciente a nivel personal y generacional).<\/p>\n\n\n\n<p class=\"has-text-color has-medium-font-size\" style=\"color:#5d7589\">* Limpieza energ\u00e9tica: renueva la energ\u00eda del cuerpo f\u00edsico y el meridiano del \u00fatero al coraz\u00f3n. Re-programa el sistema endocrino y hormonal. Recarga y revitaliza todo el cuerpo.<\/p>\n\n\n\n<p class=\"has-text-color has-medium-font-size\" style=\"color:#5d7589\">* Renueva la sexualidad (tanto de hombres como mujeres). Limpia toda la informaci\u00f3n de nuestros ex-compa\u00f1eros sexuales y parejas<\/p>\n\n\n\n<p class=\"has-text-color has-medium-font-size\" style=\"color:#5d7589\">* Reconocimiento, aceptaci\u00f3n e integraci\u00f3n de la Energ\u00eda Femenina en ti, equilibrando los ciclos femeninos y el sangrado. Abre la conciencia espiritual.<\/p>\n\n\n\n<p class=\"has-text-color has-medium-font-size\" style=\"color:#5d7589\">* Ayuda a prevenir y atenuar dolores y enfermedades del \u00fatero.<\/p>\n\n\n\n<p class=\"has-text-color has-medium-font-size\" style=\"color:#5d7589\">* Ayuda a renovar la creatividad, no solo de hijos, sino tambi\u00e9n de planes y proyectos.<\/p>\n\n\n\n<p class=\"has-text-color has-medium-font-size\" style=\"color:#5d7589\">* Recibes. Incorporas y activas la energ\u00eda del Rito para ti y para transmitirlo a otras mujeres de tu entorno.<\/p>\n\n\n\n<p class=\"has-text-color has-medium-font-size\" style=\"color:#5d7589\"><strong>PREGUNTAS FRECUENTES<\/strong><\/p>\n\n\n\n<p class=\"has-text-color has-medium-font-size\" style=\"color:#5d7589\"><strong>\u00bfPor qu\u00e9 el 13\u00b0 y no el 10\u00b0 Rito?<\/strong><\/p>\n\n\n\n<p class=\"has-text-color has-medium-font-size\" style=\"color:#5d7589\">Antes del Rito del \u00datero hab\u00eda nueve ritos Munay-Ki.<\/p>\n\n\n\n<p class=\"has-text-color has-medium-font-size\" style=\"color:#5d7589\">Aunque el Rito del \u00datero es el d\u00e9cimo rito que se ha entregado, es un rito femenino por lo cual no tiene que seguir la linealidad.<\/p>\n\n\n\n<p class=\"has-text-color has-medium-font-size\" style=\"color:#5d7589\">El linaje que entreg\u00f3 este rito quiere que honremos a las trece lunas de un a\u00f1o, que est\u00e1n conectados a los ciclos de la matriz.<\/p>\n\n\n\n<p class=\"has-text-color has-medium-font-size\" style=\"color:#5d7589\"><strong>\u00bfSi he tenido una histerectom\u00eda puedo recibir este Rito?<\/strong><\/p>\n\n\n\n<p class=\"has-text-color has-medium-font-size\" style=\"color:#5d7589\">Si tu \u00fatero ha sido removido, es a\u00fan m\u00e1s importante que recibas este rito. Energ\u00e9ticamente todav\u00eda tienes tu \u00fatero, y es vital que te vuelvas a conectar con \u00e9l para recuperar tu sabidur\u00eda y poder femenino. Despu\u00e9s de recibir el rito, es fundamental que lo nutras en cada Luna Oscura o Luna Nueva para sanar cualquier huella de dolor y tristeza y dar paso a la alegr\u00eda y la compasi\u00f3n.<\/p>\n\n\n\n<p class=\"has-text-color has-medium-font-size\" style=\"color:#5d7589\"><strong>\u00bfQu\u00e9 pasa con los hombres?<\/strong><\/p>\n\n\n\n<p class=\"has-text-color has-medium-font-size\" style=\"color:#5d7589\">Toda la vida viene de las entra\u00f1as de la Tierra, y todos los hombres vienen desde el vientre de una mujer. Es igual de importante que los hombres se conviertan en Guardianes del \u00datero, como lo es de importante para las mujeres.<\/p>\n\n\n\n<p class=\"has-text-color has-medium-font-size\" style=\"color:#5d7589\">La forma en que los hombres se convierten en Guardianes del \u00fatero&nbsp;es comunic\u00e1ndole a las mujeres que apoyan su viaje de sanaci\u00f3n al convertirse en Guardianes de la Tierra.<\/p>\n\n\n\n<p class=\"has-text-color has-medium-font-size\" style=\"color:#5d7589\"><strong>\u00bfLos hombres pueden participar en la ceremonia? Claro que s\u00ed!<\/strong><\/p>\n\n\n\n<p class=\"has-text-color has-medium-font-size\" style=\"color:#5d7589\">Si las mujeres que est\u00e1n dando y recibiendo el Rito sienten que es apropiado invitar a los hombres a la ceremonia, es una Bendici\u00f3n para tod@s!<\/p>\n\n\n\n<p class=\"has-text-color has-medium-font-size\" style=\"color:#5d7589\">Cuando los hombres se presentan al servicio del rito, es maravillosamente sanador para tod@s.<\/p>\n\n\n\n<p class=\"has-text-color has-medium-font-size\" style=\"color:#5d7589\">Los hombres pueden ayudar a establecer el espacio sagrado haciendo que se sienta especialmente seguro para ellas.<\/p>\n\n\n\n<p class=\"has-text-color has-medium-font-size\" style=\"color:#5d7589\">Entonces los hombres, se pueden ordenar de forma estrat\u00e9gica en el espacio para que las mujeres se sientan apoyadas en esta sanaci\u00f3n.&nbsp;<\/p>\n\n\n\n<p class=\"has-text-color has-medium-font-size\" style=\"color:#5d7589\"><strong>\u00bfLos hombres pueden recibir el rito?<\/strong><\/p>\n\n\n\n<p class=\"has-text-color has-medium-font-size\" style=\"color:#5d7589\">Este rito es para sanar el \u00fatero y, ocasionalmente, hay un hombre que siente la necesidad de sanar su vientre ps\u00edquico. A veces, estos hombres tuvieron experiencias muy traum\u00e1ticas en los vientres de sus madres, o tuvieron una relaci\u00f3n muy desestructurada con el aspecto femenino de la vida.<\/p>\n\n\n\n<p class=\"has-text-color has-medium-font-size\" style=\"color:#5d7589\">Si un hombre pide recibir este rito con un coraz\u00f3n sincero, entonces es apropiado compartirlo con \u00e9l.<\/p>\n\n\n\n<p class=\"has-text-color has-medium-font-size\" style=\"color:#5d7589\">&nbsp;<strong>C\u00f3mo Nutrir el Rito del \u00datero<\/strong><\/p>\n\n\n\n<p class=\"has-text-color has-medium-font-size\" style=\"color:#5d7589\">Una vez que has recibido el Rito del \u00datero puedes nutrir su poder con las siguientes pr\u00e1cticas:<\/p>\n\n\n\n<p class=\"has-text-color has-medium-font-size\" style=\"color:#5d7589\">1.- Si eres una mujer que menstr\u00faa, en tu pr\u00f3ximo ciclo encuentra un espacio y tiempo \u00edntimo para darle un poco de tu sangre menstrual a la Tierra. Haz un huequito y sangra directamente sobre la Tierra o recolecta un poco de tu sangre en un peque\u00f1o recipiente o copa menstrual y luego derrama en el huequito mientras repites, por ejemplo, las siguientes palabras:<\/p>\n\n\n\n<p class=\"has-text-color has-medium-font-size\" style=\"color:#5d7589\"><br><strong><em>Suelto mi miedo para abrazar la libertad&nbsp;<\/em><\/strong><br><strong><em>Suelto mi dolor para abrazar la alegr\u00eda&nbsp;<\/em><\/strong><br><strong><em>Suelto mi rabia para abrazar la compasi\u00f3n&nbsp;<\/em><\/strong><br><strong><em>Suelto mi pena para abrazar la paz<\/em><\/strong><\/p>\n\n\n\n<p class=\"has-text-color has-medium-font-size\" style=\"color:#5d7589\">Puedes agregar cualquier palabra o frase que resuene dentro de ti.<\/p>\n\n\n\n<p class=\"has-text-color has-medium-font-size\" style=\"color:#5d7589\">2.- Si eres una mujer que est\u00e1 en sus a\u00f1os de plenitud, pasada la menopausia, entonces puedes hacer un ritual en la pr\u00f3xima Luna Oscura. Crea un espacio \u00edntimo para ofrecer, por ejemplo, \u201cvino tinto\u201d a la Madre Tierra, mientras repites las siguientes palabras:<\/p>\n\n\n\n<p class=\"has-text-color has-medium-font-size\" style=\"color:#5d7589\"><br><strong><em>Suelto mi miedo para abrazar la libertad&nbsp;<\/em><\/strong><br><strong><em>Suelto mi dolor para abrazar la alegr\u00eda&nbsp;<\/em><\/strong><br><strong><em>Suelto mi rabia para abrazar la compasi\u00f3n&nbsp;<\/em><\/strong><br><strong><em>Suelto mi pena para abrazar la paz<\/em><\/strong><\/p>\n\n\n\n<p class=\"has-text-color has-medium-font-size\" style=\"color:#5d7589\"><br>Puedes agregar cualquier palabra o frase que resuene dentro de ti.<br>Haz este rito al menos una vez y hasta trece lunas para empoderar completamente a tu \u00fatero.<\/p>\n\n\n\n<p class=\"has-text-color has-medium-font-size\" style=\"color:#5d7589\">3.- Si una ni\u00f1a que a\u00fan no menstr\u00faa recibe el rito y ella quiere hacer un ritual para honrar su \u00fatero, entonces ella debe ofrecerle flores a la luna llena. Esto es porque su \u00fatero a\u00fan est\u00e1 floreciendo y no ha soltado su primera flor. Ella tambi\u00e9n puede repetir las palabras:<\/p>\n\n\n\n<p class=\"has-text-color has-medium-font-size\" style=\"color:#5d7589\"><br><strong><em>Suelto mi miedo para abrazar la libertad&nbsp;<\/em><\/strong><br><strong><em>Suelto mi dolor para abrazar la alegr\u00eda<\/em><\/strong><\/p>\n\n\n\n<p class=\"has-text-color has-medium-font-size\" style=\"color:#5d7589\"><br>Ella debe ser guiada a decir, por ejemplo, s\u00f3lo las dos primeras l\u00edneas y luego puede agregar lo que necesite para su bienestar.<\/p>\n\n\n\n<p class=\"has-text-color has-medium-font-size\" style=\"color:#5d7589\">4.-Puedes compartir este rito con las mujeres de tu comunidad\u2026<\/p>\n\n\n\n<p class=\"has-text-color has-medium-font-size\" style=\"color:#5d7589\"><strong>Cada vez que lo trasmites refuerzas el poder en tu \u00fatero.<\/strong><\/p>\n\n\n\n<p class=\"has-text-color has-medium-font-size\" style=\"color:#5d7589\"><strong>C<\/strong>ada asistente precisa:<\/p>\n\n\n\n<ul class=\"has-text-color wp-block-list\" style=\"color:#5d7589\"><li>ropa c\u00f3moda<\/li><li>un cuenco con agua<\/li><li>una flor o una planta <\/li><li>una vela <\/li><\/ul>\n\n\n\n<p class=\"has-text-color has-medium-font-size\" style=\"color:#5d7589\"><strong>Contenido del encuentro:<\/strong><\/p>\n\n\n\n<ul class=\"has-text-color wp-block-list\" style=\"color:#5d7589\"><li>Bienvenida <\/li><li>Oraci\u00f3n de apertura: creando un espacio sagrado<\/li><li>Procedencia del 13\u00ba Rito del Utero \u2013 Munay-ki<\/li><li>Beneficios del Rito del \u00datero<\/li><li>Preguntas frecuentes<\/li><li>El 13\u00ba Rito del \u00datero<\/li><li>C\u00f3mo nutrir el Rito del \u00datero<\/li><li>Meditaci\u00f3n canalizada<\/li><li>Oraci\u00f3n de las Guardianas de la Tierra<\/li><li>Pr\u00e1cticas<\/li><li>Cierre del Espacio Sagrado<\/li><li>Entrega de certificado de asistencia<\/li><\/ul>\n\n\n\n<p class=\"has-text-align-center has-text-color has-medium-font-size\" style=\"color:#5d7589\"><strong><em>Danzamos al ritmo del tambor, cantamos, compartimos\u2026 Viajamos a Lemuria para recordar la esencia de las semillas de Vida que se albergan en nuestros \u00fateros energ\u00e9ticos y nos damos la oportunidad de \u201cparir\u201d una nueva realidad en nuestras Vidas\u2026<\/em><\/strong><\/p>\n\n\n\n<p class=\"has-text-color has-medium-font-size\" style=\"color:#5d7589\">Incluye apuntes en formato Pdf<\/p>\n\n\n\n<figure class=\"wp-block-embed aligncenter is-type-video is-provider-youtube wp-block-embed-youtube wp-embed-aspect-16-9 wp-has-aspect-ratio\"><div class=\"wp-block-embed__wrapper\">\n<div class='embed-container'><iframe loading=\"lazy\" title=\"Rito del \u00datero\" width=\"1920\" height=\"1080\" src=\"https:\/\/www.youtube.com\/embed\/WbBmg0pl61g?feature=oembed\" frameborder=\"0\" allow=\"accelerometer; autoplay; clipboard-write; encrypted-media; gyroscope; picture-in-picture\" allowfullscreen><\/iframe><\/div>\n<\/div><\/figure>\n\n\n\n<p class=\"has-text-align-center has-black-color has-text-color has-medium-font-size\">Si tienes alguna consulta o quieres realizar alg\u00fan taller, no dudes en ponerte en contacto conmigo<\/p>\n\n\n\n<p class=\"has-text-align-center has-luminous-vivid-orange-color has-pale-cyan-blue-background-color has-text-color has-background has-medium-font-size\">FECHAS TRANSMISI\u00d3N RITO DEL \u00daTERO:  TODO EL A\u00d1O. CONSULTA PROXIMAS FECHAS<\/p>\n\n\n\n<p><\/p>\n","protected":false},"excerpt":{"rendered":"<p>El rito del \u00fatero&nbsp;es una&nbsp;Iniciaci\u00f3n Cham\u00e1nica Sagrada&nbsp;que ha sido puesta al servicio de la vida para que cada mujer en la Tierra pueda liberarse del control y recuperar su poder de Mujer. La&nbsp;mujer consciente&nbsp;aprende a&nbsp; vivir desde su naturaleza y amar la vida desde la verdad que va creando con su \u00datero unida al Coraz\u00f3n.Es&hellip; <br \/> <a class=\"read-more\" href=\"https:\/\/elizabeth-desiderio.ar\/?page_id=949\">Leer m\u00e1s<\/a><\/p>\n","protected":false},"author":1,"featured_media":0,"parent":0,"menu_order":0,"comment_status":"closed","ping_status":"closed","template":"","meta":{"om_disable_all_campaigns":false,"_monsterinsights_skip_tracking":false,"_monsterinsights_sitenote_active":false,"_monsterinsights_sitenote_note":"","_monsterinsights_sitenote_category":0,"footnotes":""},"class_list":["post-949","page","type-page","status-publish","hentry"],"aioseo_notices":[],"_links":{"self":[{"href":"https:\/\/elizabeth-desiderio.ar\/index.php?rest_route=\/wp\/v2\/pages\/949","targetHints":{"allow":["GET"]}}],"collection":[{"href":"https:\/\/elizabeth-desiderio.ar\/index.php?rest_route=\/wp\/v2\/pages"}],"about":[{"href":"https:\/\/elizabeth-desiderio.ar\/index.php?rest_route=\/wp\/v2\/types\/page"}],"author":[{"embeddable":true,"href":"https:\/\/elizabeth-desiderio.ar\/index.php?rest_route=\/wp\/v2\/users\/1"}],"replies":[{"embeddable":true,"href":"https:\/\/elizabeth-desiderio.ar\/index.php?rest_route=%2Fwp%2Fv2%2Fcomments&post=949"}],"version-history":[{"count":6,"href":"https:\/\/elizabeth-desiderio.ar\/index.php?rest_route=\/wp\/v2\/pages\/949\/revisions"}],"predecessor-version":[{"id":1064,"href":"https:\/\/elizabeth-desiderio.ar\/index.php?rest_route=\/wp\/v2\/pages\/949\/revisions\/1064"}],"wp:attachment":[{"href":"https:\/\/elizabeth-desiderio.ar\/index.php?rest_route=%2Fwp%2Fv2%2Fmedia&parent=949"}],"curies":[{"name":"wp","href":"https:\/\/api.w.org\/{rel}","templated":true}]}}